{"id":148,"date":"2021-06-27T13:10:22","date_gmt":"2021-06-27T13:10:22","guid":{"rendered":"https:\/\/banquetchairfactory.com\/?page_id=148"},"modified":"2025-05-02T12:02:19","modified_gmt":"2025-05-02T12:02:19","slug":"contactez-nous","status":"publish","type":"page","link":"https:\/\/banquetchairfactory.com\/fr\/contactez-nous\/","title":{"rendered":"Contactez-nous"},"content":{"rendered":"\t\t<div data-elementor-type=\"wp-page\" data-elementor-id=\"148\" class=\"elementor elementor-148\" data-elementor-post-type=\"page\">\n\t\t\t\t\t\t<section class=\"elementor-section elementor-top-section elementor-element elementor-element-6488cfc6 elementor-section-full_width elementor-section-height-default elementor-section-height-default\" data-id=\"6488cfc6\" data-element_type=\"section\">\n\t\t\t\t\t\t\t<div class=\"elementor-background-overlay\"><\/div>\n\t\t\t\t\t\t\t<div class=\"elementor-container elementor-column-gap-wider\">\n\t\t\t\t\t<div class=\"elementor-column elementor-col-100 elementor-top-column elementor-element elementor-element-27123147\" data-id=\"27123147\" data-element_type=\"column\">\n\t\t\t<div class=\"elementor-widget-wrap elementor-element-populated\">\n\t\t\t\t\t\t<div class=\"elementor-element elementor-element-ffc4af4 elementor-widget elementor-widget-image\" data-id=\"ffc4af4\" data-element_type=\"widget\" data-widget_type=\"image.default\">\n\t\t\t\t<div class=\"elementor-widget-container\">\n\t\t\t\t\t\t\t\t\t\t\t\t\t\t\t<img fetchpriority=\"high\" decoding=\"async\" width=\"1600\" height=\"400\" src=\"https:\/\/banquetchairfactory.com\/fr\/wp-content\/uploads\/2021\/08\/a-propos-de-nous-_factory.jpg\" class=\"attachment-full size-full wp-image-1455\" alt=\"\u00e0 propos de nous _factory\" srcset=\"https:\/\/banquetchairfactory.com\/fr\/wp-content\/uploads\/2021\/08\/a-propos-de-nous-_factory.jpg 1600w, https:\/\/banquetchairfactory.com\/fr\/wp-content\/uploads\/2021\/08\/a-propos-de-nous-_factory-600x150.jpg 600w, https:\/\/banquetchairfactory.com\/fr\/wp-content\/uploads\/2021\/08\/a-propos-de-nous-_factory-300x75.jpg 300w, https:\/\/banquetchairfactory.com\/fr\/wp-content\/uploads\/2021\/08\/a-propos-de-nous-_factory-1024x256.jpg 1024w, https:\/\/banquetchairfactory.com\/fr\/wp-content\/uploads\/2021\/08\/a-propos-de-nous-_factory-768x192.jpg 768w, https:\/\/banquetchairfactory.com\/fr\/wp-content\/uploads\/2021\/08\/a-propos-de-nous-_factory-1536x384.jpg 1536w\" sizes=\"(max-width: 1600px) 100vw, 1600px\" \/>\t\t\t\t\t\t\t\t\t\t\t\t\t\t\t<\/div>\n\t\t\t\t<\/div>\n\t\t\t\t\t<\/div>\n\t\t<\/div>\n\t\t\t\t\t<\/div>\n\t\t<\/section>\n\t\t\t\t<section class=\"elementor-section elementor-top-section elementor-element elementor-element-2eb5b5be elementor-section-boxed elementor-section-height-default elementor-section-height-default\" data-id=\"2eb5b5be\" data-element_type=\"section\">\n\t\t\t\t\t\t<div class=\"elementor-container elementor-column-gap-wider\">\n\t\t\t\t\t<div class=\"elementor-column elementor-col-33 elementor-top-column elementor-element elementor-element-4d54342a\" data-id=\"4d54342a\" data-element_type=\"column\">\n\t\t\t<div class=\"elementor-widget-wrap elementor-element-populated\">\n\t\t\t\t\t\t<div class=\"elementor-element elementor-element-760a018f elementor-widget elementor-widget-heading\" data-id=\"760a018f\" data-element_type=\"widget\" data-widget_type=\"heading.default\">\n\t\t\t\t<div class=\"elementor-widget-container\">\n\t\t\t\t\t<h2 class=\"elementor-heading-title elementor-size-default\">COORDONN\u00c9ES<\/h2>\t\t\t\t<\/div>\n\t\t\t\t<\/div>\n\t\t\t\t<section class=\"elementor-section elementor-inner-section elementor-element elementor-element-7d5faa97 elementor-section-boxed elementor-section-height-default elementor-section-height-default\" data-id=\"7d5faa97\" data-element_type=\"section\">\n\t\t\t\t\t\t<div class=\"elementor-container elementor-column-gap-default\">\n\t\t\t\t\t<div class=\"elementor-column elementor-col-100 elementor-inner-column elementor-element elementor-element-6fd53e37\" data-id=\"6fd53e37\" data-element_type=\"column\">\n\t\t\t<div class=\"elementor-widget-wrap\">\n\t\t\t\t\t\t\t<\/div>\n\t\t<\/div>\n\t\t\t\t\t<\/div>\n\t\t<\/section>\n\t\t\t\t<div class=\"elementor-element elementor-element-4dceb96 elementor-icon-list--layout-traditional elementor-list-item-link-full_width elementor-widget elementor-widget-icon-list\" data-id=\"4dceb96\" data-element_type=\"widget\" data-widget_type=\"icon-list.default\">\n\t\t\t\t<div class=\"elementor-widget-container\">\n\t\t\t\t\t\t\t<ul class=\"elementor-icon-list-items\">\n\t\t\t\t\t\t\t<li class=\"elementor-icon-list-item\">\n\t\t\t\t\t\t\t\t\t\t\t<span class=\"elementor-icon-list-icon\">\n\t\t\t\t\t\t\t<i aria-hidden=\"true\" class=\"icon icon-phone-call\"><\/i>\t\t\t\t\t\t<\/span>\n\t\t\t\t\t\t\t\t\t\t<span class=\"elementor-icon-list-text\">T\u00e9l\u00e9phone de l'entreprise: +90 212 288 59 64<\/span>\n\t\t\t\t\t\t\t\t\t<\/li>\n\t\t\t\t\t\t\t\t<li class=\"elementor-icon-list-item\">\n\t\t\t\t\t\t\t\t\t\t\t<span class=\"elementor-icon-list-icon\">\n\t\t\t\t\t\t\t<i aria-hidden=\"true\" class=\"fab fa-whatsapp\"><\/i>\t\t\t\t\t\t<\/span>\n\t\t\t\t\t\t\t\t\t\t<span class=\"elementor-icon-list-text\"> Whatsapp:  +90 543 419 73 51<\/span>\n\t\t\t\t\t\t\t\t\t<\/li>\n\t\t\t\t\t\t\t\t<li class=\"elementor-icon-list-item\">\n\t\t\t\t\t\t\t\t\t\t\t<span class=\"elementor-icon-list-icon\">\n\t\t\t\t\t\t\t<i aria-hidden=\"true\" class=\"icon icon-email\"><\/i>\t\t\t\t\t\t<\/span>\n\t\t\t\t\t\t\t\t\t\t<span class=\"elementor-icon-list-text\"> info@banquetchairfactory.com<\/span>\n\t\t\t\t\t\t\t\t\t<\/li>\n\t\t\t\t\t\t\t\t<li class=\"elementor-icon-list-item\">\n\t\t\t\t\t\t\t\t\t\t\t<span class=\"elementor-icon-list-icon\">\n\t\t\t\t\t\t\t<i aria-hidden=\"true\" class=\"fas fa-map-marker-alt\"><\/i>\t\t\t\t\t\t<\/span>\n\t\t\t\t\t\t\t\t\t\t<span class=\"elementor-icon-list-text\">Headquarter: Inonu Mah. Alpkaya Cad. Umit Is Merkezi No:49\/4 Atasehir Istanbul \/ Turkey<\/span>\n\t\t\t\t\t\t\t\t\t<\/li>\n\t\t\t\t\t\t<\/ul>\n\t\t\t\t\t\t<\/div>\n\t\t\t\t<\/div>\n\t\t\t\t\t<\/div>\n\t\t<\/div>\n\t\t\t\t<div class=\"elementor-column elementor-col-33 elementor-top-column elementor-element elementor-element-4b12e009\" data-id=\"4b12e009\" data-element_type=\"column\">\n\t\t\t<div class=\"elementor-widget-wrap\">\n\t\t\t\t\t\t\t<\/div>\n\t\t<\/div>\n\t\t\t\t<div class=\"elementor-column elementor-col-33 elementor-top-column elementor-element elementor-element-1dad10df\" data-id=\"1dad10df\" data-element_type=\"column\">\n\t\t\t<div class=\"elementor-widget-wrap elementor-element-populated\">\n\t\t\t\t\t\t<div class=\"elementor-element elementor-element-4fa9e843 elementor-widget elementor-widget-google_maps\" data-id=\"4fa9e843\" data-element_type=\"widget\" data-widget_type=\"google_maps.default\">\n\t\t\t\t<div class=\"elementor-widget-container\">\n\t\t\t\t\t\t\t<div class=\"elementor-custom-embed\">\n\t\t\t<iframe loading=\"lazy\"\n\t\t\t\t\tsrc=\"https:\/\/maps.google.com\/maps?q=Hotel%20Furniture%20Concept%20-%20Showroom&#038;t=m&#038;z=12&#038;output=embed&#038;iwloc=near\"\n\t\t\t\t\ttitle=\"Hotel Furniture Concept - Showroom\"\n\t\t\t\t\taria-label=\"Hotel Furniture Concept - Showroom\"\n\t\t\t><\/iframe>\n\t\t<\/div>\n\t\t\t\t\t\t<\/div>\n\t\t\t\t<\/div>\n\t\t\t\t\t<\/div>\n\t\t<\/div>\n\t\t\t\t\t<\/div>\n\t\t<\/section>\n\t\t\t\t<\/div>\n\t\t","protected":false},"excerpt":{"rendered":"<p>COORDONN\u00c9ES T\u00e9l\u00e9phone de l&#8217;entreprise: +90 212 288 59 64 Whatsapp: +90 543 419 73 51 info@banquetchairfactory.com Headquarter: Inonu Mah. Alpkaya Cad. Umit Is Merkezi No:49\/4 Atasehir Istanbul \/ Turkey<\/p>\n","protected":false},"author":1,"featured_media":0,"parent":0,"menu_order":0,"comment_status":"closed","ping_status":"closed","template":"elementor_header_footer","meta":{"_acf_changed":false,"footnotes":""},"class_list":["post-148","page","type-page","status-publish","hentry"],"acf":[],"yoast_head":"<!-- This site is optimized with the Yoast SEO plugin v25.3 - https:\/\/yoast.com\/wordpress\/plugins\/seo\/ -->\n<title>N&#039;h\u00e9sitez pas \u00e0 nous contacter - BCF<\/title>\n<meta name=\"description\" content=\"Banquet Chair Factory contactez-nous page. Vous pouvez utiliser le formulaire ou WhatsApp pour nous joindre. Nous vous r\u00e9pondrons bient\u00f4t.\" \/>\n<meta name=\"robots\" content=\"index, follow, max-snippet:-1, max-image-preview:large, max-video-preview:-1\" \/>\n<link rel=\"canonical\" href=\"https:\/\/banquetchairfactory.com\/fr\/contactez-nous\/\" \/>\n<meta property=\"og:locale\" content=\"en_US\" \/>\n<meta property=\"og:type\" content=\"article\" \/>\n<meta property=\"og:title\" content=\"N&#039;h\u00e9sitez pas \u00e0 nous contacter - BCF\" \/>\n<meta property=\"og:description\" content=\"Banquet Chair Factory contactez-nous page. Vous pouvez utiliser le formulaire ou WhatsApp pour nous joindre. Nous vous r\u00e9pondrons bient\u00f4t.\" \/>\n<meta property=\"og:url\" content=\"https:\/\/banquetchairfactory.com\/fr\/contactez-nous\/\" \/>\n<meta property=\"og:site_name\" content=\"Banquet Chair Factory\" \/>\n<meta property=\"article:modified_time\" content=\"2025-05-02T12:02:19+00:00\" \/>\n<meta property=\"og:image\" content=\"https:\/\/banquetchairfactory.com\/fr\/wp-content\/uploads\/2021\/08\/a-propos-de-nous-_factory.jpg\" \/>\n\t<meta property=\"og:image:width\" content=\"1600\" \/>\n\t<meta property=\"og:image:height\" content=\"400\" \/>\n\t<meta property=\"og:image:type\" content=\"image\/jpeg\" \/>\n<meta name=\"twitter:card\" content=\"summary_large_image\" \/>\n<meta name=\"twitter:label1\" content=\"Est. reading time\" \/>\n\t<meta name=\"twitter:data1\" content=\"1 minute\" \/>\n<script type=\"application\/ld+json\" class=\"yoast-schema-graph\">{\"@context\":\"https:\/\/schema.org\",\"@graph\":[{\"@type\":\"WebPage\",\"@id\":\"https:\/\/banquetchairfactory.com\/fr\/contactez-nous\/\",\"url\":\"https:\/\/banquetchairfactory.com\/fr\/contactez-nous\/\",\"name\":\"N'h\u00e9sitez pas \u00e0 nous contacter - BCF\",\"isPartOf\":{\"@id\":\"https:\/\/banquetchairfactory.com\/fr\/#website\"},\"primaryImageOfPage\":{\"@id\":\"https:\/\/banquetchairfactory.com\/fr\/contactez-nous\/#primaryimage\"},\"image\":{\"@id\":\"https:\/\/banquetchairfactory.com\/fr\/contactez-nous\/#primaryimage\"},\"thumbnailUrl\":\"https:\/\/banquetchairfactory.com\/fr\/wp-content\/uploads\/2021\/08\/a-propos-de-nous-_factory.jpg\",\"datePublished\":\"2021-06-27T13:10:22+00:00\",\"dateModified\":\"2025-05-02T12:02:19+00:00\",\"description\":\"Banquet Chair Factory contactez-nous page. Vous pouvez utiliser le formulaire ou WhatsApp pour nous joindre. Nous vous r\u00e9pondrons bient\u00f4t.\",\"breadcrumb\":{\"@id\":\"https:\/\/banquetchairfactory.com\/fr\/contactez-nous\/#breadcrumb\"},\"inLanguage\":\"en-US\",\"potentialAction\":[{\"@type\":\"ReadAction\",\"target\":[\"https:\/\/banquetchairfactory.com\/fr\/contactez-nous\/\"]}]},{\"@type\":\"ImageObject\",\"inLanguage\":\"en-US\",\"@id\":\"https:\/\/banquetchairfactory.com\/fr\/contactez-nous\/#primaryimage\",\"url\":\"https:\/\/banquetchairfactory.com\/fr\/wp-content\/uploads\/2021\/08\/a-propos-de-nous-_factory.jpg\",\"contentUrl\":\"https:\/\/banquetchairfactory.com\/fr\/wp-content\/uploads\/2021\/08\/a-propos-de-nous-_factory.jpg\",\"width\":1600,\"height\":400,\"caption\":\"\u00e0 propos de nous _factory\"},{\"@type\":\"BreadcrumbList\",\"@id\":\"https:\/\/banquetchairfactory.com\/fr\/contactez-nous\/#breadcrumb\",\"itemListElement\":[{\"@type\":\"ListItem\",\"position\":1,\"name\":\"Home\",\"item\":\"https:\/\/banquetchairfactory.com\/fr\/\"},{\"@type\":\"ListItem\",\"position\":2,\"name\":\"Contactez-nous\"}]},{\"@type\":\"WebSite\",\"@id\":\"https:\/\/banquetchairfactory.com\/fr\/#website\",\"url\":\"https:\/\/banquetchairfactory.com\/fr\/\",\"name\":\"Banquet Chair Factory\",\"description\":\"\",\"publisher\":{\"@id\":\"https:\/\/banquetchairfactory.com\/fr\/#organization\"},\"potentialAction\":[{\"@type\":\"SearchAction\",\"target\":{\"@type\":\"EntryPoint\",\"urlTemplate\":\"https:\/\/banquetchairfactory.com\/fr\/?s={search_term_string}\"},\"query-input\":{\"@type\":\"PropertyValueSpecification\",\"valueRequired\":true,\"valueName\":\"search_term_string\"}}],\"inLanguage\":\"en-US\"},{\"@type\":\"Organization\",\"@id\":\"https:\/\/banquetchairfactory.com\/fr\/#organization\",\"name\":\"Banquet Chair Factory\",\"url\":\"https:\/\/banquetchairfactory.com\/fr\/\",\"logo\":{\"@type\":\"ImageObject\",\"inLanguage\":\"en-US\",\"@id\":\"https:\/\/banquetchairfactory.com\/fr\/#\/schema\/logo\/image\/\",\"url\":\"https:\/\/banquetchairfactory.com\/wp-content\/uploads\/2021\/06\/logo-banquet.png\",\"contentUrl\":\"https:\/\/banquetchairfactory.com\/wp-content\/uploads\/2021\/06\/logo-banquet.png\",\"width\":400,\"height\":263,\"caption\":\"Banquet Chair Factory\"},\"image\":{\"@id\":\"https:\/\/banquetchairfactory.com\/fr\/#\/schema\/logo\/image\/\"}}]}<\/script>\n<!-- \/ Yoast SEO plugin. -->","yoast_head_json":{"title":"N'h\u00e9sitez pas \u00e0 nous contacter - BCF","description":"Banquet Chair Factory contactez-nous page. Vous pouvez utiliser le formulaire ou WhatsApp pour nous joindre. Nous vous r\u00e9pondrons bient\u00f4t.","robots":{"index":"index","follow":"follow","max-snippet":"max-snippet:-1","max-image-preview":"max-image-preview:large","max-video-preview":"max-video-preview:-1"},"canonical":"https:\/\/banquetchairfactory.com\/fr\/contactez-nous\/","og_locale":"en_US","og_type":"article","og_title":"N'h\u00e9sitez pas \u00e0 nous contacter - BCF","og_description":"Banquet Chair Factory contactez-nous page. Vous pouvez utiliser le formulaire ou WhatsApp pour nous joindre. Nous vous r\u00e9pondrons bient\u00f4t.","og_url":"https:\/\/banquetchairfactory.com\/fr\/contactez-nous\/","og_site_name":"Banquet Chair Factory","article_modified_time":"2025-05-02T12:02:19+00:00","og_image":[{"width":1600,"height":400,"url":"https:\/\/banquetchairfactory.com\/fr\/wp-content\/uploads\/2021\/08\/a-propos-de-nous-_factory.jpg","type":"image\/jpeg"}],"twitter_card":"summary_large_image","twitter_misc":{"Est. reading time":"1 minute"},"schema":{"@context":"https:\/\/schema.org","@graph":[{"@type":"WebPage","@id":"https:\/\/banquetchairfactory.com\/fr\/contactez-nous\/","url":"https:\/\/banquetchairfactory.com\/fr\/contactez-nous\/","name":"N'h\u00e9sitez pas \u00e0 nous contacter - BCF","isPartOf":{"@id":"https:\/\/banquetchairfactory.com\/fr\/#website"},"primaryImageOfPage":{"@id":"https:\/\/banquetchairfactory.com\/fr\/contactez-nous\/#primaryimage"},"image":{"@id":"https:\/\/banquetchairfactory.com\/fr\/contactez-nous\/#primaryimage"},"thumbnailUrl":"https:\/\/banquetchairfactory.com\/fr\/wp-content\/uploads\/2021\/08\/a-propos-de-nous-_factory.jpg","datePublished":"2021-06-27T13:10:22+00:00","dateModified":"2025-05-02T12:02:19+00:00","description":"Banquet Chair Factory contactez-nous page. Vous pouvez utiliser le formulaire ou WhatsApp pour nous joindre. Nous vous r\u00e9pondrons bient\u00f4t.","breadcrumb":{"@id":"https:\/\/banquetchairfactory.com\/fr\/contactez-nous\/#breadcrumb"},"inLanguage":"en-US","potentialAction":[{"@type":"ReadAction","target":["https:\/\/banquetchairfactory.com\/fr\/contactez-nous\/"]}]},{"@type":"ImageObject","inLanguage":"en-US","@id":"https:\/\/banquetchairfactory.com\/fr\/contactez-nous\/#primaryimage","url":"https:\/\/banquetchairfactory.com\/fr\/wp-content\/uploads\/2021\/08\/a-propos-de-nous-_factory.jpg","contentUrl":"https:\/\/banquetchairfactory.com\/fr\/wp-content\/uploads\/2021\/08\/a-propos-de-nous-_factory.jpg","width":1600,"height":400,"caption":"\u00e0 propos de nous _factory"},{"@type":"BreadcrumbList","@id":"https:\/\/banquetchairfactory.com\/fr\/contactez-nous\/#breadcrumb","itemListElement":[{"@type":"ListItem","position":1,"name":"Home","item":"https:\/\/banquetchairfactory.com\/fr\/"},{"@type":"ListItem","position":2,"name":"Contactez-nous"}]},{"@type":"WebSite","@id":"https:\/\/banquetchairfactory.com\/fr\/#website","url":"https:\/\/banquetchairfactory.com\/fr\/","name":"Banquet Chair Factory","description":"","publisher":{"@id":"https:\/\/banquetchairfactory.com\/fr\/#organization"},"potentialAction":[{"@type":"SearchAction","target":{"@type":"EntryPoint","urlTemplate":"https:\/\/banquetchairfactory.com\/fr\/?s={search_term_string}"},"query-input":{"@type":"PropertyValueSpecification","valueRequired":true,"valueName":"search_term_string"}}],"inLanguage":"en-US"},{"@type":"Organization","@id":"https:\/\/banquetchairfactory.com\/fr\/#organization","name":"Banquet Chair Factory","url":"https:\/\/banquetchairfactory.com\/fr\/","logo":{"@type":"ImageObject","inLanguage":"en-US","@id":"https:\/\/banquetchairfactory.com\/fr\/#\/schema\/logo\/image\/","url":"https:\/\/banquetchairfactory.com\/wp-content\/uploads\/2021\/06\/logo-banquet.png","contentUrl":"https:\/\/banquetchairfactory.com\/wp-content\/uploads\/2021\/06\/logo-banquet.png","width":400,"height":263,"caption":"Banquet Chair Factory"},"image":{"@id":"https:\/\/banquetchairfactory.com\/fr\/#\/schema\/logo\/image\/"}}]}},"_links":{"self":[{"href":"https:\/\/banquetchairfactory.com\/fr\/wp-json\/wp\/v2\/pages\/148","targetHints":{"allow":["GET"]}}],"collection":[{"href":"https:\/\/banquetchairfactory.com\/fr\/wp-json\/wp\/v2\/pages"}],"about":[{"href":"https:\/\/banquetchairfactory.com\/fr\/wp-json\/wp\/v2\/types\/page"}],"author":[{"embeddable":true,"href":"https:\/\/banquetchairfactory.com\/fr\/wp-json\/wp\/v2\/users\/1"}],"replies":[{"embeddable":true,"href":"https:\/\/banquetchairfactory.com\/fr\/wp-json\/wp\/v2\/comments?post=148"}],"version-history":[{"count":39,"href":"https:\/\/banquetchairfactory.com\/fr\/wp-json\/wp\/v2\/pages\/148\/revisions"}],"predecessor-version":[{"id":2694,"href":"https:\/\/banquetchairfactory.com\/fr\/wp-json\/wp\/v2\/pages\/148\/revisions\/2694"}],"wp:attachment":[{"href":"https:\/\/banquetchairfactory.com\/fr\/wp-json\/wp\/v2\/media?parent=148"}],"curies":[{"name":"wp","href":"https:\/\/api.w.org\/{rel}","templated":true}]}}