{"id":1218,"date":"2021-08-04T14:57:09","date_gmt":"2021-08-04T14:57:09","guid":{"rendered":"https:\/\/banquetchairfactory.com\/?post_type=product&#038;p=1218"},"modified":"2023-08-28T08:06:17","modified_gmt":"2023-08-28T08:06:17","slug":"sieges-de-salle-de-conference-coc06-k","status":"publish","type":"product","link":"https:\/\/banquetchairfactory.com\/fr\/product\/sieges-de-salle-de-conference-coc06-k\/","title":{"rendered":"SI\u00c8GES DE SALLE DE CONF\u00c9RENCE COC06-K FABRIQU\u00c9S EN TURQUIE"},"content":{"rendered":"","protected":false},"excerpt":{"rendered":"<ul>\n<li>Dos en bois en option<\/li>\n<li>Plateau en bois massif pour accoudoirs<\/li>\n<li>Couvertures lat\u00e9rales en MDF<\/li>\n<li>Structure du si\u00e8ge en acier 19&#215;1,20&#215;2,5mm.<\/li>\n<li>Les pi\u00e8ces m\u00e9caniques sont en mati\u00e8re plastique ppc afin d&#8217;\u00e9viter la corrosion<\/li>\n<li>Le dossier et le dessous de l&#8217;assise sont en h\u00eatre<\/li>\n<li>Densit\u00e9 de la mousse : 50-55 kg\/ m3<\/li>\n<li>Niveau de r\u00e9sistance au feu\u00a0: MVSS-32\/ CLASSE B<\/li>\n<li>Hauteur: 89 cm, Hauteur du dossier : 60 cm<\/li>\n<\/ul>\n","protected":false},"featured_media":1219,"comment_status":"open","ping_status":"closed","template":"","meta":{"_acf_changed":false},"product_brand":[],"product_cat":[34],"product_tag":[],"class_list":{"0":"post-1218","1":"product","2":"type-product","3":"status-publish","4":"has-post-thumbnail","6":"product_cat-sieges-dauditorium-et-de-salle-de-conference-fabriques-en-turquie","8":"first","9":"instock","10":"shipping-taxable","11":"product-type-simple"},"acf":[],"yoast_head":"<!-- This site is optimized with the Yoast SEO plugin v25.3 - https:\/\/yoast.com\/wordpress\/plugins\/seo\/ -->\n<title>SI\u00c8GES DE SALLE DE CONF\u00c9RENCE COC06-K - BCF<\/title>\n<meta name=\"description\" content=\"Si\u00e8ges d&#039;auditorium et de salle de conf\u00e9rence Coc06-K de haute qualit\u00e9 fabriqu\u00e9s en Turquie \u00e0 un prix comp\u00e9titif. BCF est un fournisseur exp\u00e9riment\u00e9 de si\u00e8ges pour salles de conf\u00e9rence.\" \/>\n<meta name=\"robots\" content=\"index, follow, max-snippet:-1, max-image-preview:large, max-video-preview:-1\" \/>\n<link rel=\"canonical\" href=\"https:\/\/banquetchairfactory.com\/fr\/product\/sieges-de-salle-de-conference-coc06-k\/\" \/>\n<meta property=\"og:locale\" content=\"en_US\" \/>\n<meta property=\"og:type\" content=\"article\" \/>\n<meta property=\"og:title\" content=\"SI\u00c8GES DE SALLE DE CONF\u00c9RENCE COC06-K - BCF\" \/>\n<meta property=\"og:description\" content=\"Si\u00e8ges d&#039;auditorium et de salle de conf\u00e9rence Coc06-K de haute qualit\u00e9 fabriqu\u00e9s en Turquie \u00e0 un prix comp\u00e9titif. BCF est un fournisseur exp\u00e9riment\u00e9 de si\u00e8ges pour salles de conf\u00e9rence.\" \/>\n<meta property=\"og:url\" content=\"https:\/\/banquetchairfactory.com\/fr\/product\/sieges-de-salle-de-conference-coc06-k\/\" \/>\n<meta property=\"og:site_name\" content=\"Banquet Chair Factory\" \/>\n<meta property=\"article:modified_time\" content=\"2023-08-28T08:06:17+00:00\" \/>\n<meta property=\"og:image\" content=\"https:\/\/banquetchairfactory.com\/fr\/wp-content\/uploads\/2021\/08\/COC06-Auditorium-and-Conference-Hall-Seating-Made-in-Turkey-1.jpg\" \/>\n\t<meta property=\"og:image:width\" content=\"998\" \/>\n\t<meta property=\"og:image:height\" content=\"998\" \/>\n\t<meta property=\"og:image:type\" content=\"image\/jpeg\" \/>\n<meta name=\"twitter:card\" content=\"summary_large_image\" \/>\n<script type=\"application\/ld+json\" class=\"yoast-schema-graph\">{\"@context\":\"https:\/\/schema.org\",\"@graph\":[{\"@type\":\"WebPage\",\"@id\":\"https:\/\/banquetchairfactory.com\/fr\/product\/sieges-de-salle-de-conference-coc06-k\/\",\"url\":\"https:\/\/banquetchairfactory.com\/fr\/product\/sieges-de-salle-de-conference-coc06-k\/\",\"name\":\"SI\u00c8GES DE SALLE DE CONF\u00c9RENCE COC06-K - BCF\",\"isPartOf\":{\"@id\":\"https:\/\/banquetchairfactory.com\/fr\/#website\"},\"primaryImageOfPage\":{\"@id\":\"https:\/\/banquetchairfactory.com\/fr\/product\/sieges-de-salle-de-conference-coc06-k\/#primaryimage\"},\"image\":{\"@id\":\"https:\/\/banquetchairfactory.com\/fr\/product\/sieges-de-salle-de-conference-coc06-k\/#primaryimage\"},\"thumbnailUrl\":\"https:\/\/banquetchairfactory.com\/fr\/wp-content\/uploads\/2021\/08\/sieges-d-auditorium-et-de-salle-de-conference-coc06-fabriques-en-turquie-1.jpg\",\"datePublished\":\"2021-08-04T14:57:09+00:00\",\"dateModified\":\"2023-08-28T08:06:17+00:00\",\"description\":\"Si\u00e8ges d'auditorium et de salle de conf\u00e9rence Coc06-K de haute qualit\u00e9 fabriqu\u00e9s en Turquie \u00e0 un prix comp\u00e9titif. BCF est un fournisseur exp\u00e9riment\u00e9 de si\u00e8ges pour salles de conf\u00e9rence.\",\"breadcrumb\":{\"@id\":\"https:\/\/banquetchairfactory.com\/fr\/product\/sieges-de-salle-de-conference-coc06-k\/#breadcrumb\"},\"inLanguage\":\"en-US\",\"potentialAction\":[{\"@type\":\"ReadAction\",\"target\":[\"https:\/\/banquetchairfactory.com\/fr\/product\/sieges-de-salle-de-conference-coc06-k\/\"]}]},{\"@type\":\"ImageObject\",\"inLanguage\":\"en-US\",\"@id\":\"https:\/\/banquetchairfactory.com\/fr\/product\/sieges-de-salle-de-conference-coc06-k\/#primaryimage\",\"url\":\"https:\/\/banquetchairfactory.com\/fr\/wp-content\/uploads\/2021\/08\/sieges-d-auditorium-et-de-salle-de-conference-coc06-fabriques-en-turquie-1.jpg\",\"contentUrl\":\"https:\/\/banquetchairfactory.com\/fr\/wp-content\/uploads\/2021\/08\/sieges-d-auditorium-et-de-salle-de-conference-coc06-fabriques-en-turquie-1.jpg\",\"width\":998,\"height\":998,\"caption\":\"Si\u00e8ges d'auditorium et de salle de conf\u00e9rence COC06 fabriqu\u00e9s en Turquie 1\"},{\"@type\":\"BreadcrumbList\",\"@id\":\"https:\/\/banquetchairfactory.com\/fr\/product\/sieges-de-salle-de-conference-coc06-k\/#breadcrumb\",\"itemListElement\":[{\"@type\":\"ListItem\",\"position\":1,\"name\":\"Home\",\"item\":\"https:\/\/banquetchairfactory.com\/fr\/\"},{\"@type\":\"ListItem\",\"position\":2,\"name\":\"Shop\",\"item\":\"https:\/\/banquetchairfactory.com\/fr\/shop\/\"},{\"@type\":\"ListItem\",\"position\":3,\"name\":\"SI\u00c8GES DE SALLE DE CONF\u00c9RENCE COC06-K FABRIQU\u00c9S EN TURQUIE\"}]},{\"@type\":\"WebSite\",\"@id\":\"https:\/\/banquetchairfactory.com\/fr\/#website\",\"url\":\"https:\/\/banquetchairfactory.com\/fr\/\",\"name\":\"Banquet Chair Factory\",\"description\":\"\",\"publisher\":{\"@id\":\"https:\/\/banquetchairfactory.com\/fr\/#organization\"},\"potentialAction\":[{\"@type\":\"SearchAction\",\"target\":{\"@type\":\"EntryPoint\",\"urlTemplate\":\"https:\/\/banquetchairfactory.com\/fr\/?s={search_term_string}\"},\"query-input\":{\"@type\":\"PropertyValueSpecification\",\"valueRequired\":true,\"valueName\":\"search_term_string\"}}],\"inLanguage\":\"en-US\"},{\"@type\":\"Organization\",\"@id\":\"https:\/\/banquetchairfactory.com\/fr\/#organization\",\"name\":\"Banquet Chair Factory\",\"url\":\"https:\/\/banquetchairfactory.com\/fr\/\",\"logo\":{\"@type\":\"ImageObject\",\"inLanguage\":\"en-US\",\"@id\":\"https:\/\/banquetchairfactory.com\/fr\/#\/schema\/logo\/image\/\",\"url\":\"https:\/\/banquetchairfactory.com\/wp-content\/uploads\/2021\/06\/logo-banquet.png\",\"contentUrl\":\"https:\/\/banquetchairfactory.com\/wp-content\/uploads\/2021\/06\/logo-banquet.png\",\"width\":400,\"height\":263,\"caption\":\"Banquet Chair Factory\"},\"image\":{\"@id\":\"https:\/\/banquetchairfactory.com\/fr\/#\/schema\/logo\/image\/\"}}]}<\/script>\n<!-- \/ Yoast SEO plugin. -->","yoast_head_json":{"title":"SI\u00c8GES DE SALLE DE CONF\u00c9RENCE COC06-K - BCF","description":"Si\u00e8ges d'auditorium et de salle de conf\u00e9rence Coc06-K de haute qualit\u00e9 fabriqu\u00e9s en Turquie \u00e0 un prix comp\u00e9titif. BCF est un fournisseur exp\u00e9riment\u00e9 de si\u00e8ges pour salles de conf\u00e9rence.","robots":{"index":"index","follow":"follow","max-snippet":"max-snippet:-1","max-image-preview":"max-image-preview:large","max-video-preview":"max-video-preview:-1"},"canonical":"https:\/\/banquetchairfactory.com\/fr\/product\/sieges-de-salle-de-conference-coc06-k\/","og_locale":"en_US","og_type":"article","og_title":"SI\u00c8GES DE SALLE DE CONF\u00c9RENCE COC06-K - BCF","og_description":"Si\u00e8ges d'auditorium et de salle de conf\u00e9rence Coc06-K de haute qualit\u00e9 fabriqu\u00e9s en Turquie \u00e0 un prix comp\u00e9titif. BCF est un fournisseur exp\u00e9riment\u00e9 de si\u00e8ges pour salles de conf\u00e9rence.","og_url":"https:\/\/banquetchairfactory.com\/fr\/product\/sieges-de-salle-de-conference-coc06-k\/","og_site_name":"Banquet Chair Factory","article_modified_time":"2023-08-28T08:06:17+00:00","og_image":[{"width":998,"height":998,"url":"https:\/\/banquetchairfactory.com\/fr\/wp-content\/uploads\/2021\/08\/COC06-Auditorium-and-Conference-Hall-Seating-Made-in-Turkey-1.jpg","type":"image\/jpeg"}],"twitter_card":"summary_large_image","schema":{"@context":"https:\/\/schema.org","@graph":[{"@type":"WebPage","@id":"https:\/\/banquetchairfactory.com\/fr\/product\/sieges-de-salle-de-conference-coc06-k\/","url":"https:\/\/banquetchairfactory.com\/fr\/product\/sieges-de-salle-de-conference-coc06-k\/","name":"SI\u00c8GES DE SALLE DE CONF\u00c9RENCE COC06-K - BCF","isPartOf":{"@id":"https:\/\/banquetchairfactory.com\/fr\/#website"},"primaryImageOfPage":{"@id":"https:\/\/banquetchairfactory.com\/fr\/product\/sieges-de-salle-de-conference-coc06-k\/#primaryimage"},"image":{"@id":"https:\/\/banquetchairfactory.com\/fr\/product\/sieges-de-salle-de-conference-coc06-k\/#primaryimage"},"thumbnailUrl":"https:\/\/banquetchairfactory.com\/fr\/wp-content\/uploads\/2021\/08\/sieges-d-auditorium-et-de-salle-de-conference-coc06-fabriques-en-turquie-1.jpg","datePublished":"2021-08-04T14:57:09+00:00","dateModified":"2023-08-28T08:06:17+00:00","description":"Si\u00e8ges d'auditorium et de salle de conf\u00e9rence Coc06-K de haute qualit\u00e9 fabriqu\u00e9s en Turquie \u00e0 un prix comp\u00e9titif. BCF est un fournisseur exp\u00e9riment\u00e9 de si\u00e8ges pour salles de conf\u00e9rence.","breadcrumb":{"@id":"https:\/\/banquetchairfactory.com\/fr\/product\/sieges-de-salle-de-conference-coc06-k\/#breadcrumb"},"inLanguage":"en-US","potentialAction":[{"@type":"ReadAction","target":["https:\/\/banquetchairfactory.com\/fr\/product\/sieges-de-salle-de-conference-coc06-k\/"]}]},{"@type":"ImageObject","inLanguage":"en-US","@id":"https:\/\/banquetchairfactory.com\/fr\/product\/sieges-de-salle-de-conference-coc06-k\/#primaryimage","url":"https:\/\/banquetchairfactory.com\/fr\/wp-content\/uploads\/2021\/08\/sieges-d-auditorium-et-de-salle-de-conference-coc06-fabriques-en-turquie-1.jpg","contentUrl":"https:\/\/banquetchairfactory.com\/fr\/wp-content\/uploads\/2021\/08\/sieges-d-auditorium-et-de-salle-de-conference-coc06-fabriques-en-turquie-1.jpg","width":998,"height":998,"caption":"Si\u00e8ges d'auditorium et de salle de conf\u00e9rence COC06 fabriqu\u00e9s en Turquie 1"},{"@type":"BreadcrumbList","@id":"https:\/\/banquetchairfactory.com\/fr\/product\/sieges-de-salle-de-conference-coc06-k\/#breadcrumb","itemListElement":[{"@type":"ListItem","position":1,"name":"Home","item":"https:\/\/banquetchairfactory.com\/fr\/"},{"@type":"ListItem","position":2,"name":"Shop","item":"https:\/\/banquetchairfactory.com\/fr\/shop\/"},{"@type":"ListItem","position":3,"name":"SI\u00c8GES DE SALLE DE CONF\u00c9RENCE COC06-K FABRIQU\u00c9S EN TURQUIE"}]},{"@type":"WebSite","@id":"https:\/\/banquetchairfactory.com\/fr\/#website","url":"https:\/\/banquetchairfactory.com\/fr\/","name":"Banquet Chair Factory","description":"","publisher":{"@id":"https:\/\/banquetchairfactory.com\/fr\/#organization"},"potentialAction":[{"@type":"SearchAction","target":{"@type":"EntryPoint","urlTemplate":"https:\/\/banquetchairfactory.com\/fr\/?s={search_term_string}"},"query-input":{"@type":"PropertyValueSpecification","valueRequired":true,"valueName":"search_term_string"}}],"inLanguage":"en-US"},{"@type":"Organization","@id":"https:\/\/banquetchairfactory.com\/fr\/#organization","name":"Banquet Chair Factory","url":"https:\/\/banquetchairfactory.com\/fr\/","logo":{"@type":"ImageObject","inLanguage":"en-US","@id":"https:\/\/banquetchairfactory.com\/fr\/#\/schema\/logo\/image\/","url":"https:\/\/banquetchairfactory.com\/wp-content\/uploads\/2021\/06\/logo-banquet.png","contentUrl":"https:\/\/banquetchairfactory.com\/wp-content\/uploads\/2021\/06\/logo-banquet.png","width":400,"height":263,"caption":"Banquet Chair Factory"},"image":{"@id":"https:\/\/banquetchairfactory.com\/fr\/#\/schema\/logo\/image\/"}}]}},"_links":{"self":[{"href":"https:\/\/banquetchairfactory.com\/fr\/wp-json\/wp\/v2\/product\/1218","targetHints":{"allow":["GET"]}}],"collection":[{"href":"https:\/\/banquetchairfactory.com\/fr\/wp-json\/wp\/v2\/product"}],"about":[{"href":"https:\/\/banquetchairfactory.com\/fr\/wp-json\/wp\/v2\/types\/product"}],"replies":[{"embeddable":true,"href":"https:\/\/banquetchairfactory.com\/fr\/wp-json\/wp\/v2\/comments?post=1218"}],"wp:featuredmedia":[{"embeddable":true,"href":"https:\/\/banquetchairfactory.com\/fr\/wp-json\/wp\/v2\/media\/1219"}],"wp:attachment":[{"href":"https:\/\/banquetchairfactory.com\/fr\/wp-json\/wp\/v2\/media?parent=1218"}],"wp:term":[{"taxonomy":"product_brand","embeddable":true,"href":"https:\/\/banquetchairfactory.com\/fr\/wp-json\/wp\/v2\/product_brand?post=1218"},{"taxonomy":"product_cat","embeddable":true,"href":"https:\/\/banquetchairfactory.com\/fr\/wp-json\/wp\/v2\/product_cat?post=1218"},{"taxonomy":"product_tag","embeddable":true,"href":"https:\/\/banquetchairfactory.com\/fr\/wp-json\/wp\/v2\/product_tag?post=1218"}],"curies":[{"name":"wp","href":"https:\/\/api.w.org\/{rel}","templated":true}]}}