{"id":317,"date":"2021-07-14T17:33:43","date_gmt":"2021-07-14T17:33:43","guid":{"rendered":"https:\/\/banquetchairfactory.com\/?post_type=product&#038;p=317"},"modified":"2023-08-26T17:47:19","modified_gmt":"2023-08-26T17:47:19","slug":"chaise-de-banquet-en-metal-verate-01-yt-fabriquee-en-turquie","status":"publish","type":"product","link":"https:\/\/banquetchairfactory.com\/fr\/product\/chaise-de-banquet-en-metal-verate-01-yt-fabriquee-en-turquie\/","title":{"rendered":"CHAISE DE BANQUET EN M\u00c9TAL VERATE 01 YT FABRIQU\u00c9E EN TURQUIE"},"content":{"rendered":"","protected":false},"excerpt":{"rendered":"<h5>CARACT\u00c9RISTIQUES:<\/h5>\n<h6>&#8211; Cadre:<\/h6>\n<ul>\n<li>Profil\u00e9 m\u00e9tallique 25x25x1,2mm<\/li>\n<li>Peinture \u00e9lectrostatique durable pour toutes les pi\u00e8ces m\u00e9talliques<\/li>\n<li>Options de couleurs de cadre illimit\u00e9es<\/li>\n<\/ul>\n<h4><\/h4>\n<h6>&#8211; Mousse et tissu :<\/h6>\n<ul>\n<li>Assise : \u00e9paisseur 80 mm, mousse polyur\u00e9thane W55 dns avec support en bois OSB 11 mm<\/li>\n<li>Dos : \u00e9ponge grise de 3 cm avec support en bois OSB de 11 mm<\/li>\n<li>De grandes vari\u00e9t\u00e9s pour des tissus sans taches<\/li>\n<li>D\u00e9tails de coutures soign\u00e9es et droites<\/li>\n<\/ul>\n<h6>&#8211; Protection en caoutchouc anti-rayures pour l&#8217;empilage<br \/>\n&#8211; Capacit\u00e9 d&#8217;empilage de 8 pi\u00e8ces permettant d&#8217;\u00e9conomiser de l&#8217;espace<\/h6>\n<h6><strong>Dimensions:<\/strong><\/h6>\n<p>w: 540mm d: 600mm si\u00e8ges h: 480mm total h: 930mm<\/p>\n<p>Poids: 8.2 kg<\/p>\n","protected":false},"featured_media":318,"comment_status":"open","ping_status":"closed","template":"","meta":{"_acf_changed":false},"product_brand":[],"product_cat":[30],"product_tag":[],"class_list":{"0":"post-317","1":"product","2":"type-product","3":"status-publish","4":"has-post-thumbnail","6":"product_cat-chaises-de-banquet-en-metal-fabriquees-en-turquie","8":"first","9":"instock","10":"shipping-taxable","11":"product-type-simple"},"acf":[],"yoast_head":"<!-- This site is optimized with the Yoast SEO plugin v25.3 - https:\/\/yoast.com\/wordpress\/plugins\/seo\/ -->\n<title>CHAISE DE BANQUET EN M\u00c9TAL VERATE 01 YT - BCF<\/title>\n<meta name=\"description\" content=\"La chaise de banquet en m\u00e9tal Verate 01 YT, \u00e9conomique et fabriqu\u00e9e en Turquie, convient \u00e0 tous les \u00e9v\u00e9nements tels que les mariages, les conf\u00e9rences, les salles de bal et les auditoriums.\" \/>\n<meta name=\"robots\" content=\"index, follow, max-snippet:-1, max-image-preview:large, max-video-preview:-1\" \/>\n<link rel=\"canonical\" href=\"https:\/\/banquetchairfactory.com\/fr\/product\/chaise-de-banquet-en-metal-verate-01-yt-fabriquee-en-turquie\/\" \/>\n<meta property=\"og:locale\" content=\"en_US\" \/>\n<meta property=\"og:type\" content=\"article\" \/>\n<meta property=\"og:title\" content=\"CHAISE DE BANQUET EN M\u00c9TAL VERATE 01 YT - BCF\" \/>\n<meta property=\"og:description\" content=\"La chaise de banquet en m\u00e9tal Verate 01 YT, \u00e9conomique et fabriqu\u00e9e en Turquie, convient \u00e0 tous les \u00e9v\u00e9nements tels que les mariages, les conf\u00e9rences, les salles de bal et les auditoriums.\" \/>\n<meta property=\"og:url\" content=\"https:\/\/banquetchairfactory.com\/fr\/product\/chaise-de-banquet-en-metal-verate-01-yt-fabriquee-en-turquie\/\" \/>\n<meta property=\"og:site_name\" content=\"Banquet Chair Factory\" \/>\n<meta property=\"article:modified_time\" content=\"2023-08-26T17:47:19+00:00\" \/>\n<meta property=\"og:image\" content=\"https:\/\/banquetchairfactory.com\/fr\/wp-content\/uploads\/2021\/07\/mec04-wd-metal-banquet-chair-made-in-turkey-1.jpg.jpg\" \/>\n\t<meta property=\"og:image:width\" content=\"998\" \/>\n\t<meta property=\"og:image:height\" content=\"998\" \/>\n\t<meta property=\"og:image:type\" content=\"image\/jpeg\" \/>\n<meta name=\"twitter:card\" content=\"summary_large_image\" \/>\n<script type=\"application\/ld+json\" class=\"yoast-schema-graph\">{\"@context\":\"https:\/\/schema.org\",\"@graph\":[{\"@type\":\"WebPage\",\"@id\":\"https:\/\/banquetchairfactory.com\/fr\/product\/chaise-de-banquet-en-metal-verate-01-yt-fabriquee-en-turquie\/\",\"url\":\"https:\/\/banquetchairfactory.com\/fr\/product\/chaise-de-banquet-en-metal-verate-01-yt-fabriquee-en-turquie\/\",\"name\":\"CHAISE DE BANQUET EN M\u00c9TAL VERATE 01 YT - BCF\",\"isPartOf\":{\"@id\":\"https:\/\/banquetchairfactory.com\/fr\/#website\"},\"primaryImageOfPage\":{\"@id\":\"https:\/\/banquetchairfactory.com\/fr\/product\/chaise-de-banquet-en-metal-verate-01-yt-fabriquee-en-turquie\/#primaryimage\"},\"image\":{\"@id\":\"https:\/\/banquetchairfactory.com\/fr\/product\/chaise-de-banquet-en-metal-verate-01-yt-fabriquee-en-turquie\/#primaryimage\"},\"thumbnailUrl\":\"https:\/\/banquetchairfactory.com\/fr\/wp-content\/uploads\/2021\/07\/verate-01-yt-metal-banquet-chair-made-in-turkey-1.jpg\",\"datePublished\":\"2021-07-14T17:33:43+00:00\",\"dateModified\":\"2023-08-26T17:47:19+00:00\",\"description\":\"La chaise de banquet en m\u00e9tal Verate 01 YT, \u00e9conomique et fabriqu\u00e9e en Turquie, convient \u00e0 tous les \u00e9v\u00e9nements tels que les mariages, les conf\u00e9rences, les salles de bal et les auditoriums.\",\"breadcrumb\":{\"@id\":\"https:\/\/banquetchairfactory.com\/fr\/product\/chaise-de-banquet-en-metal-verate-01-yt-fabriquee-en-turquie\/#breadcrumb\"},\"inLanguage\":\"en-US\",\"potentialAction\":[{\"@type\":\"ReadAction\",\"target\":[\"https:\/\/banquetchairfactory.com\/fr\/product\/chaise-de-banquet-en-metal-verate-01-yt-fabriquee-en-turquie\/\"]}]},{\"@type\":\"ImageObject\",\"inLanguage\":\"en-US\",\"@id\":\"https:\/\/banquetchairfactory.com\/fr\/product\/chaise-de-banquet-en-metal-verate-01-yt-fabriquee-en-turquie\/#primaryimage\",\"url\":\"https:\/\/banquetchairfactory.com\/fr\/wp-content\/uploads\/2021\/07\/verate-01-yt-metal-banquet-chair-made-in-turkey-1.jpg\",\"contentUrl\":\"https:\/\/banquetchairfactory.com\/fr\/wp-content\/uploads\/2021\/07\/verate-01-yt-metal-banquet-chair-made-in-turkey-1.jpg\",\"width\":998,\"height\":998,\"caption\":\"verate 01 yt metal banquet chair made in turkey 1\"},{\"@type\":\"BreadcrumbList\",\"@id\":\"https:\/\/banquetchairfactory.com\/fr\/product\/chaise-de-banquet-en-metal-verate-01-yt-fabriquee-en-turquie\/#breadcrumb\",\"itemListElement\":[{\"@type\":\"ListItem\",\"position\":1,\"name\":\"Home\",\"item\":\"https:\/\/banquetchairfactory.com\/fr\/\"},{\"@type\":\"ListItem\",\"position\":2,\"name\":\"Shop\",\"item\":\"https:\/\/banquetchairfactory.com\/fr\/shop\/\"},{\"@type\":\"ListItem\",\"position\":3,\"name\":\"CHAISE DE BANQUET EN M\u00c9TAL VERATE 01 YT FABRIQU\u00c9E EN TURQUIE\"}]},{\"@type\":\"WebSite\",\"@id\":\"https:\/\/banquetchairfactory.com\/fr\/#website\",\"url\":\"https:\/\/banquetchairfactory.com\/fr\/\",\"name\":\"Banquet Chair Factory\",\"description\":\"\",\"publisher\":{\"@id\":\"https:\/\/banquetchairfactory.com\/fr\/#organization\"},\"potentialAction\":[{\"@type\":\"SearchAction\",\"target\":{\"@type\":\"EntryPoint\",\"urlTemplate\":\"https:\/\/banquetchairfactory.com\/fr\/?s={search_term_string}\"},\"query-input\":{\"@type\":\"PropertyValueSpecification\",\"valueRequired\":true,\"valueName\":\"search_term_string\"}}],\"inLanguage\":\"en-US\"},{\"@type\":\"Organization\",\"@id\":\"https:\/\/banquetchairfactory.com\/fr\/#organization\",\"name\":\"Banquet Chair Factory\",\"url\":\"https:\/\/banquetchairfactory.com\/fr\/\",\"logo\":{\"@type\":\"ImageObject\",\"inLanguage\":\"en-US\",\"@id\":\"https:\/\/banquetchairfactory.com\/fr\/#\/schema\/logo\/image\/\",\"url\":\"https:\/\/banquetchairfactory.com\/wp-content\/uploads\/2021\/06\/logo-banquet.png\",\"contentUrl\":\"https:\/\/banquetchairfactory.com\/wp-content\/uploads\/2021\/06\/logo-banquet.png\",\"width\":400,\"height\":263,\"caption\":\"Banquet Chair Factory\"},\"image\":{\"@id\":\"https:\/\/banquetchairfactory.com\/fr\/#\/schema\/logo\/image\/\"}}]}<\/script>\n<!-- \/ Yoast SEO plugin. -->","yoast_head_json":{"title":"CHAISE DE BANQUET EN M\u00c9TAL VERATE 01 YT - BCF","description":"La chaise de banquet en m\u00e9tal Verate 01 YT, \u00e9conomique et fabriqu\u00e9e en Turquie, convient \u00e0 tous les \u00e9v\u00e9nements tels que les mariages, les conf\u00e9rences, les salles de bal et les auditoriums.","robots":{"index":"index","follow":"follow","max-snippet":"max-snippet:-1","max-image-preview":"max-image-preview:large","max-video-preview":"max-video-preview:-1"},"canonical":"https:\/\/banquetchairfactory.com\/fr\/product\/chaise-de-banquet-en-metal-verate-01-yt-fabriquee-en-turquie\/","og_locale":"en_US","og_type":"article","og_title":"CHAISE DE BANQUET EN M\u00c9TAL VERATE 01 YT - BCF","og_description":"La chaise de banquet en m\u00e9tal Verate 01 YT, \u00e9conomique et fabriqu\u00e9e en Turquie, convient \u00e0 tous les \u00e9v\u00e9nements tels que les mariages, les conf\u00e9rences, les salles de bal et les auditoriums.","og_url":"https:\/\/banquetchairfactory.com\/fr\/product\/chaise-de-banquet-en-metal-verate-01-yt-fabriquee-en-turquie\/","og_site_name":"Banquet Chair Factory","article_modified_time":"2023-08-26T17:47:19+00:00","og_image":[{"width":998,"height":998,"url":"https:\/\/banquetchairfactory.com\/fr\/wp-content\/uploads\/2021\/07\/mec04-wd-metal-banquet-chair-made-in-turkey-1.jpg.jpg","type":"image\/jpeg"}],"twitter_card":"summary_large_image","schema":{"@context":"https:\/\/schema.org","@graph":[{"@type":"WebPage","@id":"https:\/\/banquetchairfactory.com\/fr\/product\/chaise-de-banquet-en-metal-verate-01-yt-fabriquee-en-turquie\/","url":"https:\/\/banquetchairfactory.com\/fr\/product\/chaise-de-banquet-en-metal-verate-01-yt-fabriquee-en-turquie\/","name":"CHAISE DE BANQUET EN M\u00c9TAL VERATE 01 YT - BCF","isPartOf":{"@id":"https:\/\/banquetchairfactory.com\/fr\/#website"},"primaryImageOfPage":{"@id":"https:\/\/banquetchairfactory.com\/fr\/product\/chaise-de-banquet-en-metal-verate-01-yt-fabriquee-en-turquie\/#primaryimage"},"image":{"@id":"https:\/\/banquetchairfactory.com\/fr\/product\/chaise-de-banquet-en-metal-verate-01-yt-fabriquee-en-turquie\/#primaryimage"},"thumbnailUrl":"https:\/\/banquetchairfactory.com\/fr\/wp-content\/uploads\/2021\/07\/verate-01-yt-metal-banquet-chair-made-in-turkey-1.jpg","datePublished":"2021-07-14T17:33:43+00:00","dateModified":"2023-08-26T17:47:19+00:00","description":"La chaise de banquet en m\u00e9tal Verate 01 YT, \u00e9conomique et fabriqu\u00e9e en Turquie, convient \u00e0 tous les \u00e9v\u00e9nements tels que les mariages, les conf\u00e9rences, les salles de bal et les auditoriums.","breadcrumb":{"@id":"https:\/\/banquetchairfactory.com\/fr\/product\/chaise-de-banquet-en-metal-verate-01-yt-fabriquee-en-turquie\/#breadcrumb"},"inLanguage":"en-US","potentialAction":[{"@type":"ReadAction","target":["https:\/\/banquetchairfactory.com\/fr\/product\/chaise-de-banquet-en-metal-verate-01-yt-fabriquee-en-turquie\/"]}]},{"@type":"ImageObject","inLanguage":"en-US","@id":"https:\/\/banquetchairfactory.com\/fr\/product\/chaise-de-banquet-en-metal-verate-01-yt-fabriquee-en-turquie\/#primaryimage","url":"https:\/\/banquetchairfactory.com\/fr\/wp-content\/uploads\/2021\/07\/verate-01-yt-metal-banquet-chair-made-in-turkey-1.jpg","contentUrl":"https:\/\/banquetchairfactory.com\/fr\/wp-content\/uploads\/2021\/07\/verate-01-yt-metal-banquet-chair-made-in-turkey-1.jpg","width":998,"height":998,"caption":"verate 01 yt metal banquet chair made in turkey 1"},{"@type":"BreadcrumbList","@id":"https:\/\/banquetchairfactory.com\/fr\/product\/chaise-de-banquet-en-metal-verate-01-yt-fabriquee-en-turquie\/#breadcrumb","itemListElement":[{"@type":"ListItem","position":1,"name":"Home","item":"https:\/\/banquetchairfactory.com\/fr\/"},{"@type":"ListItem","position":2,"name":"Shop","item":"https:\/\/banquetchairfactory.com\/fr\/shop\/"},{"@type":"ListItem","position":3,"name":"CHAISE DE BANQUET EN M\u00c9TAL VERATE 01 YT FABRIQU\u00c9E EN TURQUIE"}]},{"@type":"WebSite","@id":"https:\/\/banquetchairfactory.com\/fr\/#website","url":"https:\/\/banquetchairfactory.com\/fr\/","name":"Banquet Chair Factory","description":"","publisher":{"@id":"https:\/\/banquetchairfactory.com\/fr\/#organization"},"potentialAction":[{"@type":"SearchAction","target":{"@type":"EntryPoint","urlTemplate":"https:\/\/banquetchairfactory.com\/fr\/?s={search_term_string}"},"query-input":{"@type":"PropertyValueSpecification","valueRequired":true,"valueName":"search_term_string"}}],"inLanguage":"en-US"},{"@type":"Organization","@id":"https:\/\/banquetchairfactory.com\/fr\/#organization","name":"Banquet Chair Factory","url":"https:\/\/banquetchairfactory.com\/fr\/","logo":{"@type":"ImageObject","inLanguage":"en-US","@id":"https:\/\/banquetchairfactory.com\/fr\/#\/schema\/logo\/image\/","url":"https:\/\/banquetchairfactory.com\/wp-content\/uploads\/2021\/06\/logo-banquet.png","contentUrl":"https:\/\/banquetchairfactory.com\/wp-content\/uploads\/2021\/06\/logo-banquet.png","width":400,"height":263,"caption":"Banquet Chair Factory"},"image":{"@id":"https:\/\/banquetchairfactory.com\/fr\/#\/schema\/logo\/image\/"}}]}},"_links":{"self":[{"href":"https:\/\/banquetchairfactory.com\/fr\/wp-json\/wp\/v2\/product\/317","targetHints":{"allow":["GET"]}}],"collection":[{"href":"https:\/\/banquetchairfactory.com\/fr\/wp-json\/wp\/v2\/product"}],"about":[{"href":"https:\/\/banquetchairfactory.com\/fr\/wp-json\/wp\/v2\/types\/product"}],"replies":[{"embeddable":true,"href":"https:\/\/banquetchairfactory.com\/fr\/wp-json\/wp\/v2\/comments?post=317"}],"wp:featuredmedia":[{"embeddable":true,"href":"https:\/\/banquetchairfactory.com\/fr\/wp-json\/wp\/v2\/media\/318"}],"wp:attachment":[{"href":"https:\/\/banquetchairfactory.com\/fr\/wp-json\/wp\/v2\/media?parent=317"}],"wp:term":[{"taxonomy":"product_brand","embeddable":true,"href":"https:\/\/banquetchairfactory.com\/fr\/wp-json\/wp\/v2\/product_brand?post=317"},{"taxonomy":"product_cat","embeddable":true,"href":"https:\/\/banquetchairfactory.com\/fr\/wp-json\/wp\/v2\/product_cat?post=317"},{"taxonomy":"product_tag","embeddable":true,"href":"https:\/\/banquetchairfactory.com\/fr\/wp-json\/wp\/v2\/product_tag?post=317"}],"curies":[{"name":"wp","href":"https:\/\/api.w.org\/{rel}","templated":true}]}}