{"id":594,"date":"2021-07-15T10:19:16","date_gmt":"2021-07-15T10:19:16","guid":{"rendered":"https:\/\/banquetchairfactory.com\/?post_type=product&#038;p=594"},"modified":"2023-08-28T09:30:13","modified_gmt":"2023-08-28T09:30:13","slug":"chaise-de-banquet-a-dossier-flexible-elenor-01","status":"publish","type":"product","link":"https:\/\/banquetchairfactory.com\/fr\/product\/chaise-de-banquet-a-dossier-flexible-elenor-01\/","title":{"rendered":"CHAISE DE BANQUET \u00c0 DOSSIER FLEXIBLE ELENOR 01 FABRIQU\u00c9E EN TURQUIE"},"content":{"rendered":"","protected":false},"excerpt":{"rendered":"<h5>CARACT\u00c9RISTIQUES:<\/h5>\n<h6>&#8211; Le dos flexible offre un confort ultime<br \/>\n&#8211; Cadre:<\/h6>\n<ul>\n<li>Profil\u00e9 aluminium 25x25x2mm<\/li>\n<li>Peinture \u00e9lectrostatique durable pour toutes les pi\u00e8ces m\u00e9talliques<\/li>\n<li>Options de couleurs de cadre illimit\u00e9es<\/li>\n<\/ul>\n<h6>-Mousse et tissu<\/h6>\n<ul>\n<li>Assise : \u00e9paisseur 80 mm, mousse polyur\u00e9thane 55 dns avec support en bois OSB 14 mm<\/li>\n<li>Dos : \u00e9ponge grise de 3 cm avec support en bois contreplaqu\u00e9 de 11 mm<\/li>\n<li>De grandes vari\u00e9t\u00e9s pour des tissus sans taches<\/li>\n<li>D\u00e9tails de coutures soign\u00e9es et droites<\/li>\n<\/ul>\n<h6>&#8211; Protection en caoutchouc anti-rayures pour l&#8217;empilage<br \/>\n&#8211; Capacit\u00e9 d&#8217;empilage de 8 pi\u00e8ces permettant d&#8217;\u00e9conomiser de l&#8217;espace<\/h6>\n<p>Dimensions: w: 450mm d: 610mm seating h: 480mm total h: 900mm<\/p>\n<p>Poids: 6.6 kg<\/p>\n","protected":false},"featured_media":595,"comment_status":"open","ping_status":"closed","template":"","meta":{"_acf_changed":false},"product_brand":[],"product_cat":[32],"product_tag":[],"class_list":{"0":"post-594","1":"product","2":"type-product","3":"status-publish","4":"has-post-thumbnail","6":"product_cat-chaises-de-banquet-a-dossier-flexible-fabriquees-en-turquie","8":"first","9":"instock","10":"shipping-taxable","11":"product-type-simple"},"acf":[],"yoast_head":"<!-- This site is optimized with the Yoast SEO plugin v25.3 - https:\/\/yoast.com\/wordpress\/plugins\/seo\/ -->\n<title>CHAISE DE BANQUET \u00c0 DOSSIER FLEXIBLE ELENOR 01 - BCF<\/title>\n<meta name=\"description\" content=\"La chaise de banquet \u00e0 dossier flexible Elenor 01 de haute qualit\u00e9, fabriqu\u00e9e en Turquie, rend vos \u00e9v\u00e9nements plus confortables et adapt\u00e9s \u00e0 tout type d&#039;\u00e9v\u00e9nements.\" \/>\n<meta name=\"robots\" content=\"index, follow, max-snippet:-1, max-image-preview:large, max-video-preview:-1\" \/>\n<link rel=\"canonical\" href=\"https:\/\/banquetchairfactory.com\/fr\/product\/chaise-de-banquet-a-dossier-flexible-elenor-01\/\" \/>\n<meta property=\"og:locale\" content=\"en_US\" \/>\n<meta property=\"og:type\" content=\"article\" \/>\n<meta property=\"og:title\" content=\"CHAISE DE BANQUET \u00c0 DOSSIER FLEXIBLE ELENOR 01 - BCF\" \/>\n<meta property=\"og:description\" content=\"La chaise de banquet \u00e0 dossier flexible Elenor 01 de haute qualit\u00e9, fabriqu\u00e9e en Turquie, rend vos \u00e9v\u00e9nements plus confortables et adapt\u00e9s \u00e0 tout type d&#039;\u00e9v\u00e9nements.\" \/>\n<meta property=\"og:url\" content=\"https:\/\/banquetchairfactory.com\/fr\/product\/chaise-de-banquet-a-dossier-flexible-elenor-01\/\" \/>\n<meta property=\"og:site_name\" content=\"Banquet Chair Factory\" \/>\n<meta property=\"article:modified_time\" content=\"2023-08-28T09:30:13+00:00\" \/>\n<meta property=\"og:image\" content=\"https:\/\/banquetchairfactory.com\/fr\/wp-content\/uploads\/2021\/07\/flc03-s-flexible-back-banquet-chair-made-in-turkey-1.jpg\" \/>\n\t<meta property=\"og:image:width\" content=\"998\" \/>\n\t<meta property=\"og:image:height\" content=\"998\" \/>\n\t<meta property=\"og:image:type\" content=\"image\/jpeg\" \/>\n<meta name=\"twitter:card\" content=\"summary_large_image\" \/>\n<script type=\"application\/ld+json\" class=\"yoast-schema-graph\">{\"@context\":\"https:\/\/schema.org\",\"@graph\":[{\"@type\":\"WebPage\",\"@id\":\"https:\/\/banquetchairfactory.com\/fr\/product\/chaise-de-banquet-a-dossier-flexible-elenor-01\/\",\"url\":\"https:\/\/banquetchairfactory.com\/fr\/product\/chaise-de-banquet-a-dossier-flexible-elenor-01\/\",\"name\":\"CHAISE DE BANQUET \u00c0 DOSSIER FLEXIBLE ELENOR 01 - BCF\",\"isPartOf\":{\"@id\":\"https:\/\/banquetchairfactory.com\/fr\/#website\"},\"primaryImageOfPage\":{\"@id\":\"https:\/\/banquetchairfactory.com\/fr\/product\/chaise-de-banquet-a-dossier-flexible-elenor-01\/#primaryimage\"},\"image\":{\"@id\":\"https:\/\/banquetchairfactory.com\/fr\/product\/chaise-de-banquet-a-dossier-flexible-elenor-01\/#primaryimage\"},\"thumbnailUrl\":\"https:\/\/banquetchairfactory.com\/fr\/wp-content\/uploads\/2021\/07\/elenor-01-chaise-de-banquet-a-dossier-flexible-fabriquee-en-turquie-1.jpg\",\"datePublished\":\"2021-07-15T10:19:16+00:00\",\"dateModified\":\"2023-08-28T09:30:13+00:00\",\"description\":\"La chaise de banquet \u00e0 dossier flexible Elenor 01 de haute qualit\u00e9, fabriqu\u00e9e en Turquie, rend vos \u00e9v\u00e9nements plus confortables et adapt\u00e9s \u00e0 tout type d'\u00e9v\u00e9nements.\",\"breadcrumb\":{\"@id\":\"https:\/\/banquetchairfactory.com\/fr\/product\/chaise-de-banquet-a-dossier-flexible-elenor-01\/#breadcrumb\"},\"inLanguage\":\"en-US\",\"potentialAction\":[{\"@type\":\"ReadAction\",\"target\":[\"https:\/\/banquetchairfactory.com\/fr\/product\/chaise-de-banquet-a-dossier-flexible-elenor-01\/\"]}]},{\"@type\":\"ImageObject\",\"inLanguage\":\"en-US\",\"@id\":\"https:\/\/banquetchairfactory.com\/fr\/product\/chaise-de-banquet-a-dossier-flexible-elenor-01\/#primaryimage\",\"url\":\"https:\/\/banquetchairfactory.com\/fr\/wp-content\/uploads\/2021\/07\/elenor-01-chaise-de-banquet-a-dossier-flexible-fabriquee-en-turquie-1.jpg\",\"contentUrl\":\"https:\/\/banquetchairfactory.com\/fr\/wp-content\/uploads\/2021\/07\/elenor-01-chaise-de-banquet-a-dossier-flexible-fabriquee-en-turquie-1.jpg\",\"width\":998,\"height\":998,\"caption\":\"Elenor 01 chaise de banquet \u00e0 dossier flexible fabriqu\u00e9e en turquie 1\"},{\"@type\":\"BreadcrumbList\",\"@id\":\"https:\/\/banquetchairfactory.com\/fr\/product\/chaise-de-banquet-a-dossier-flexible-elenor-01\/#breadcrumb\",\"itemListElement\":[{\"@type\":\"ListItem\",\"position\":1,\"name\":\"Home\",\"item\":\"https:\/\/banquetchairfactory.com\/fr\/\"},{\"@type\":\"ListItem\",\"position\":2,\"name\":\"Shop\",\"item\":\"https:\/\/banquetchairfactory.com\/fr\/shop\/\"},{\"@type\":\"ListItem\",\"position\":3,\"name\":\"CHAISE DE BANQUET \u00c0 DOSSIER FLEXIBLE ELENOR 01 FABRIQU\u00c9E EN TURQUIE\"}]},{\"@type\":\"WebSite\",\"@id\":\"https:\/\/banquetchairfactory.com\/fr\/#website\",\"url\":\"https:\/\/banquetchairfactory.com\/fr\/\",\"name\":\"Banquet Chair Factory\",\"description\":\"\",\"publisher\":{\"@id\":\"https:\/\/banquetchairfactory.com\/fr\/#organization\"},\"potentialAction\":[{\"@type\":\"SearchAction\",\"target\":{\"@type\":\"EntryPoint\",\"urlTemplate\":\"https:\/\/banquetchairfactory.com\/fr\/?s={search_term_string}\"},\"query-input\":{\"@type\":\"PropertyValueSpecification\",\"valueRequired\":true,\"valueName\":\"search_term_string\"}}],\"inLanguage\":\"en-US\"},{\"@type\":\"Organization\",\"@id\":\"https:\/\/banquetchairfactory.com\/fr\/#organization\",\"name\":\"Banquet Chair Factory\",\"url\":\"https:\/\/banquetchairfactory.com\/fr\/\",\"logo\":{\"@type\":\"ImageObject\",\"inLanguage\":\"en-US\",\"@id\":\"https:\/\/banquetchairfactory.com\/fr\/#\/schema\/logo\/image\/\",\"url\":\"https:\/\/banquetchairfactory.com\/wp-content\/uploads\/2021\/06\/logo-banquet.png\",\"contentUrl\":\"https:\/\/banquetchairfactory.com\/wp-content\/uploads\/2021\/06\/logo-banquet.png\",\"width\":400,\"height\":263,\"caption\":\"Banquet Chair Factory\"},\"image\":{\"@id\":\"https:\/\/banquetchairfactory.com\/fr\/#\/schema\/logo\/image\/\"}}]}<\/script>\n<!-- \/ Yoast SEO plugin. -->","yoast_head_json":{"title":"CHAISE DE BANQUET \u00c0 DOSSIER FLEXIBLE ELENOR 01 - BCF","description":"La chaise de banquet \u00e0 dossier flexible Elenor 01 de haute qualit\u00e9, fabriqu\u00e9e en Turquie, rend vos \u00e9v\u00e9nements plus confortables et adapt\u00e9s \u00e0 tout type d'\u00e9v\u00e9nements.","robots":{"index":"index","follow":"follow","max-snippet":"max-snippet:-1","max-image-preview":"max-image-preview:large","max-video-preview":"max-video-preview:-1"},"canonical":"https:\/\/banquetchairfactory.com\/fr\/product\/chaise-de-banquet-a-dossier-flexible-elenor-01\/","og_locale":"en_US","og_type":"article","og_title":"CHAISE DE BANQUET \u00c0 DOSSIER FLEXIBLE ELENOR 01 - BCF","og_description":"La chaise de banquet \u00e0 dossier flexible Elenor 01 de haute qualit\u00e9, fabriqu\u00e9e en Turquie, rend vos \u00e9v\u00e9nements plus confortables et adapt\u00e9s \u00e0 tout type d'\u00e9v\u00e9nements.","og_url":"https:\/\/banquetchairfactory.com\/fr\/product\/chaise-de-banquet-a-dossier-flexible-elenor-01\/","og_site_name":"Banquet Chair Factory","article_modified_time":"2023-08-28T09:30:13+00:00","og_image":[{"width":998,"height":998,"url":"https:\/\/banquetchairfactory.com\/fr\/wp-content\/uploads\/2021\/07\/flc03-s-flexible-back-banquet-chair-made-in-turkey-1.jpg","type":"image\/jpeg"}],"twitter_card":"summary_large_image","schema":{"@context":"https:\/\/schema.org","@graph":[{"@type":"WebPage","@id":"https:\/\/banquetchairfactory.com\/fr\/product\/chaise-de-banquet-a-dossier-flexible-elenor-01\/","url":"https:\/\/banquetchairfactory.com\/fr\/product\/chaise-de-banquet-a-dossier-flexible-elenor-01\/","name":"CHAISE DE BANQUET \u00c0 DOSSIER FLEXIBLE ELENOR 01 - BCF","isPartOf":{"@id":"https:\/\/banquetchairfactory.com\/fr\/#website"},"primaryImageOfPage":{"@id":"https:\/\/banquetchairfactory.com\/fr\/product\/chaise-de-banquet-a-dossier-flexible-elenor-01\/#primaryimage"},"image":{"@id":"https:\/\/banquetchairfactory.com\/fr\/product\/chaise-de-banquet-a-dossier-flexible-elenor-01\/#primaryimage"},"thumbnailUrl":"https:\/\/banquetchairfactory.com\/fr\/wp-content\/uploads\/2021\/07\/elenor-01-chaise-de-banquet-a-dossier-flexible-fabriquee-en-turquie-1.jpg","datePublished":"2021-07-15T10:19:16+00:00","dateModified":"2023-08-28T09:30:13+00:00","description":"La chaise de banquet \u00e0 dossier flexible Elenor 01 de haute qualit\u00e9, fabriqu\u00e9e en Turquie, rend vos \u00e9v\u00e9nements plus confortables et adapt\u00e9s \u00e0 tout type d'\u00e9v\u00e9nements.","breadcrumb":{"@id":"https:\/\/banquetchairfactory.com\/fr\/product\/chaise-de-banquet-a-dossier-flexible-elenor-01\/#breadcrumb"},"inLanguage":"en-US","potentialAction":[{"@type":"ReadAction","target":["https:\/\/banquetchairfactory.com\/fr\/product\/chaise-de-banquet-a-dossier-flexible-elenor-01\/"]}]},{"@type":"ImageObject","inLanguage":"en-US","@id":"https:\/\/banquetchairfactory.com\/fr\/product\/chaise-de-banquet-a-dossier-flexible-elenor-01\/#primaryimage","url":"https:\/\/banquetchairfactory.com\/fr\/wp-content\/uploads\/2021\/07\/elenor-01-chaise-de-banquet-a-dossier-flexible-fabriquee-en-turquie-1.jpg","contentUrl":"https:\/\/banquetchairfactory.com\/fr\/wp-content\/uploads\/2021\/07\/elenor-01-chaise-de-banquet-a-dossier-flexible-fabriquee-en-turquie-1.jpg","width":998,"height":998,"caption":"Elenor 01 chaise de banquet \u00e0 dossier flexible fabriqu\u00e9e en turquie 1"},{"@type":"BreadcrumbList","@id":"https:\/\/banquetchairfactory.com\/fr\/product\/chaise-de-banquet-a-dossier-flexible-elenor-01\/#breadcrumb","itemListElement":[{"@type":"ListItem","position":1,"name":"Home","item":"https:\/\/banquetchairfactory.com\/fr\/"},{"@type":"ListItem","position":2,"name":"Shop","item":"https:\/\/banquetchairfactory.com\/fr\/shop\/"},{"@type":"ListItem","position":3,"name":"CHAISE DE BANQUET \u00c0 DOSSIER FLEXIBLE ELENOR 01 FABRIQU\u00c9E EN TURQUIE"}]},{"@type":"WebSite","@id":"https:\/\/banquetchairfactory.com\/fr\/#website","url":"https:\/\/banquetchairfactory.com\/fr\/","name":"Banquet Chair Factory","description":"","publisher":{"@id":"https:\/\/banquetchairfactory.com\/fr\/#organization"},"potentialAction":[{"@type":"SearchAction","target":{"@type":"EntryPoint","urlTemplate":"https:\/\/banquetchairfactory.com\/fr\/?s={search_term_string}"},"query-input":{"@type":"PropertyValueSpecification","valueRequired":true,"valueName":"search_term_string"}}],"inLanguage":"en-US"},{"@type":"Organization","@id":"https:\/\/banquetchairfactory.com\/fr\/#organization","name":"Banquet Chair Factory","url":"https:\/\/banquetchairfactory.com\/fr\/","logo":{"@type":"ImageObject","inLanguage":"en-US","@id":"https:\/\/banquetchairfactory.com\/fr\/#\/schema\/logo\/image\/","url":"https:\/\/banquetchairfactory.com\/wp-content\/uploads\/2021\/06\/logo-banquet.png","contentUrl":"https:\/\/banquetchairfactory.com\/wp-content\/uploads\/2021\/06\/logo-banquet.png","width":400,"height":263,"caption":"Banquet Chair Factory"},"image":{"@id":"https:\/\/banquetchairfactory.com\/fr\/#\/schema\/logo\/image\/"}}]}},"_links":{"self":[{"href":"https:\/\/banquetchairfactory.com\/fr\/wp-json\/wp\/v2\/product\/594","targetHints":{"allow":["GET"]}}],"collection":[{"href":"https:\/\/banquetchairfactory.com\/fr\/wp-json\/wp\/v2\/product"}],"about":[{"href":"https:\/\/banquetchairfactory.com\/fr\/wp-json\/wp\/v2\/types\/product"}],"replies":[{"embeddable":true,"href":"https:\/\/banquetchairfactory.com\/fr\/wp-json\/wp\/v2\/comments?post=594"}],"wp:featuredmedia":[{"embeddable":true,"href":"https:\/\/banquetchairfactory.com\/fr\/wp-json\/wp\/v2\/media\/595"}],"wp:attachment":[{"href":"https:\/\/banquetchairfactory.com\/fr\/wp-json\/wp\/v2\/media?parent=594"}],"wp:term":[{"taxonomy":"product_brand","embeddable":true,"href":"https:\/\/banquetchairfactory.com\/fr\/wp-json\/wp\/v2\/product_brand?post=594"},{"taxonomy":"product_cat","embeddable":true,"href":"https:\/\/banquetchairfactory.com\/fr\/wp-json\/wp\/v2\/product_cat?post=594"},{"taxonomy":"product_tag","embeddable":true,"href":"https:\/\/banquetchairfactory.com\/fr\/wp-json\/wp\/v2\/product_tag?post=594"}],"curies":[{"name":"wp","href":"https:\/\/api.w.org\/{rel}","templated":true}]}}