{"id":729,"date":"2021-07-29T18:32:47","date_gmt":"2021-07-29T18:32:47","guid":{"rendered":"https:\/\/banquetchairfactory.com\/?post_type=product&#038;p=729"},"modified":"2023-08-27T17:22:58","modified_gmt":"2023-08-27T17:22:58","slug":"table-a-cocktail-tb16-m-fabriquee-en-turquie","status":"publish","type":"product","link":"https:\/\/banquetchairfactory.com\/fr\/product\/table-a-cocktail-tb16-m-fabriquee-en-turquie\/","title":{"rendered":"TABLE \u00c0 COCKTAIL TB16-M FABRIQU\u00c9E EN TURQUIE"},"content":{"rendered":"","protected":false},"excerpt":{"rendered":"<ul>\n<li>Plateau de table mdf lamin\u00e9 18 mm<\/li>\n<li>Dessus pliable en option pour gagner de la place<\/li>\n<li>Plateau de table en MDF lamin\u00e9 \u00e9paissi 36 mm<\/li>\n<li>Accessoire en caoutchouc r\u00e9sistant aux chocs de type T, c\u00f4t\u00e9s int\u00e9gr\u00e9s du plateau de table<\/li>\n<li>Pied chrom\u00e9 \u00d8 76 mm<\/li>\n<li>Plaque inf\u00e9rieure de 400 mm de diam\u00e8tre avec plaque de poids de 6 mm<\/li>\n<li>Fond en acier inoxydable<\/li>\n<li>Pieds r\u00e9glables<\/li>\n<\/ul>\n<h6><strong>Dimensions:<\/strong><\/h6>\n<p>80*80 cm, 90*90 cm, 100*100 cm<\/p>\n<p>Hauteur: 76 cm, 110 cm<\/p>\n","protected":false},"featured_media":730,"comment_status":"open","ping_status":"closed","template":"","meta":{"_acf_changed":false},"product_brand":[],"product_cat":[38],"product_tag":[],"class_list":{"0":"post-729","1":"product","2":"type-product","3":"status-publish","4":"has-post-thumbnail","6":"product_cat-tables-de-banquet-et-de-conference-fabriquees-en-turquie","8":"first","9":"instock","10":"shipping-taxable","11":"product-type-simple"},"acf":[],"yoast_head":"<!-- This site is optimized with the Yoast SEO plugin v25.3 - https:\/\/yoast.com\/wordpress\/plugins\/seo\/ -->\n<title>TABLE \u00c0 COCKTAIL TB16-M - BCF<\/title>\n<meta name=\"description\" content=\"Prix \u200b\u200bcomp\u00e9titifs pour la table basse Tb16-m fabriqu\u00e9e en Turquie. BCF est un fabricant exp\u00e9riment\u00e9 de tables de banquet.\" \/>\n<meta name=\"robots\" content=\"index, follow, max-snippet:-1, max-image-preview:large, max-video-preview:-1\" \/>\n<link rel=\"canonical\" href=\"https:\/\/banquetchairfactory.com\/fr\/product\/table-a-cocktail-tb16-m-fabriquee-en-turquie\/\" \/>\n<meta property=\"og:locale\" content=\"en_US\" \/>\n<meta property=\"og:type\" content=\"article\" \/>\n<meta property=\"og:title\" content=\"TABLE \u00c0 COCKTAIL TB16-M - BCF\" \/>\n<meta property=\"og:description\" content=\"Prix \u200b\u200bcomp\u00e9titifs pour la table basse Tb16-m fabriqu\u00e9e en Turquie. BCF est un fabricant exp\u00e9riment\u00e9 de tables de banquet.\" \/>\n<meta property=\"og:url\" content=\"https:\/\/banquetchairfactory.com\/fr\/product\/table-a-cocktail-tb16-m-fabriquee-en-turquie\/\" \/>\n<meta property=\"og:site_name\" content=\"Banquet Chair Factory\" \/>\n<meta property=\"article:modified_time\" content=\"2023-08-27T17:22:58+00:00\" \/>\n<meta property=\"og:image\" content=\"https:\/\/banquetchairfactory.com\/fr\/wp-content\/uploads\/2021\/07\/tb16-m-cocktail-table-made-in-turkey.jpg\" \/>\n\t<meta property=\"og:image:width\" content=\"998\" \/>\n\t<meta property=\"og:image:height\" content=\"998\" \/>\n\t<meta property=\"og:image:type\" content=\"image\/jpeg\" \/>\n<meta name=\"twitter:card\" content=\"summary_large_image\" \/>\n<script type=\"application\/ld+json\" class=\"yoast-schema-graph\">{\"@context\":\"https:\/\/schema.org\",\"@graph\":[{\"@type\":\"WebPage\",\"@id\":\"https:\/\/banquetchairfactory.com\/fr\/product\/table-a-cocktail-tb16-m-fabriquee-en-turquie\/\",\"url\":\"https:\/\/banquetchairfactory.com\/fr\/product\/table-a-cocktail-tb16-m-fabriquee-en-turquie\/\",\"name\":\"TABLE \u00c0 COCKTAIL TB16-M - BCF\",\"isPartOf\":{\"@id\":\"https:\/\/banquetchairfactory.com\/fr\/#website\"},\"primaryImageOfPage\":{\"@id\":\"https:\/\/banquetchairfactory.com\/fr\/product\/table-a-cocktail-tb16-m-fabriquee-en-turquie\/#primaryimage\"},\"image\":{\"@id\":\"https:\/\/banquetchairfactory.com\/fr\/product\/table-a-cocktail-tb16-m-fabriquee-en-turquie\/#primaryimage\"},\"thumbnailUrl\":\"https:\/\/banquetchairfactory.com\/fr\/wp-content\/uploads\/2021\/07\/table-basse-tb16-m-fabriquee-en-turquie.jpg\",\"datePublished\":\"2021-07-29T18:32:47+00:00\",\"dateModified\":\"2023-08-27T17:22:58+00:00\",\"description\":\"Prix \u200b\u200bcomp\u00e9titifs pour la table basse Tb16-m fabriqu\u00e9e en Turquie. BCF est un fabricant exp\u00e9riment\u00e9 de tables de banquet.\",\"breadcrumb\":{\"@id\":\"https:\/\/banquetchairfactory.com\/fr\/product\/table-a-cocktail-tb16-m-fabriquee-en-turquie\/#breadcrumb\"},\"inLanguage\":\"en-US\",\"potentialAction\":[{\"@type\":\"ReadAction\",\"target\":[\"https:\/\/banquetchairfactory.com\/fr\/product\/table-a-cocktail-tb16-m-fabriquee-en-turquie\/\"]}]},{\"@type\":\"ImageObject\",\"inLanguage\":\"en-US\",\"@id\":\"https:\/\/banquetchairfactory.com\/fr\/product\/table-a-cocktail-tb16-m-fabriquee-en-turquie\/#primaryimage\",\"url\":\"https:\/\/banquetchairfactory.com\/fr\/wp-content\/uploads\/2021\/07\/table-basse-tb16-m-fabriquee-en-turquie.jpg\",\"contentUrl\":\"https:\/\/banquetchairfactory.com\/fr\/wp-content\/uploads\/2021\/07\/table-basse-tb16-m-fabriquee-en-turquie.jpg\",\"width\":998,\"height\":998,\"caption\":\"Table basse Tb16-m fabriqu\u00e9e en Turquie\"},{\"@type\":\"BreadcrumbList\",\"@id\":\"https:\/\/banquetchairfactory.com\/fr\/product\/table-a-cocktail-tb16-m-fabriquee-en-turquie\/#breadcrumb\",\"itemListElement\":[{\"@type\":\"ListItem\",\"position\":1,\"name\":\"Home\",\"item\":\"https:\/\/banquetchairfactory.com\/fr\/\"},{\"@type\":\"ListItem\",\"position\":2,\"name\":\"Shop\",\"item\":\"https:\/\/banquetchairfactory.com\/fr\/shop\/\"},{\"@type\":\"ListItem\",\"position\":3,\"name\":\"TABLE \u00c0 COCKTAIL TB16-M FABRIQU\u00c9E EN TURQUIE\"}]},{\"@type\":\"WebSite\",\"@id\":\"https:\/\/banquetchairfactory.com\/fr\/#website\",\"url\":\"https:\/\/banquetchairfactory.com\/fr\/\",\"name\":\"Banquet Chair Factory\",\"description\":\"\",\"publisher\":{\"@id\":\"https:\/\/banquetchairfactory.com\/fr\/#organization\"},\"potentialAction\":[{\"@type\":\"SearchAction\",\"target\":{\"@type\":\"EntryPoint\",\"urlTemplate\":\"https:\/\/banquetchairfactory.com\/fr\/?s={search_term_string}\"},\"query-input\":{\"@type\":\"PropertyValueSpecification\",\"valueRequired\":true,\"valueName\":\"search_term_string\"}}],\"inLanguage\":\"en-US\"},{\"@type\":\"Organization\",\"@id\":\"https:\/\/banquetchairfactory.com\/fr\/#organization\",\"name\":\"Banquet Chair Factory\",\"url\":\"https:\/\/banquetchairfactory.com\/fr\/\",\"logo\":{\"@type\":\"ImageObject\",\"inLanguage\":\"en-US\",\"@id\":\"https:\/\/banquetchairfactory.com\/fr\/#\/schema\/logo\/image\/\",\"url\":\"https:\/\/banquetchairfactory.com\/wp-content\/uploads\/2021\/06\/logo-banquet.png\",\"contentUrl\":\"https:\/\/banquetchairfactory.com\/wp-content\/uploads\/2021\/06\/logo-banquet.png\",\"width\":400,\"height\":263,\"caption\":\"Banquet Chair Factory\"},\"image\":{\"@id\":\"https:\/\/banquetchairfactory.com\/fr\/#\/schema\/logo\/image\/\"}}]}<\/script>\n<!-- \/ Yoast SEO plugin. -->","yoast_head_json":{"title":"TABLE \u00c0 COCKTAIL TB16-M - BCF","description":"Prix \u200b\u200bcomp\u00e9titifs pour la table basse Tb16-m fabriqu\u00e9e en Turquie. BCF est un fabricant exp\u00e9riment\u00e9 de tables de banquet.","robots":{"index":"index","follow":"follow","max-snippet":"max-snippet:-1","max-image-preview":"max-image-preview:large","max-video-preview":"max-video-preview:-1"},"canonical":"https:\/\/banquetchairfactory.com\/fr\/product\/table-a-cocktail-tb16-m-fabriquee-en-turquie\/","og_locale":"en_US","og_type":"article","og_title":"TABLE \u00c0 COCKTAIL TB16-M - BCF","og_description":"Prix \u200b\u200bcomp\u00e9titifs pour la table basse Tb16-m fabriqu\u00e9e en Turquie. BCF est un fabricant exp\u00e9riment\u00e9 de tables de banquet.","og_url":"https:\/\/banquetchairfactory.com\/fr\/product\/table-a-cocktail-tb16-m-fabriquee-en-turquie\/","og_site_name":"Banquet Chair Factory","article_modified_time":"2023-08-27T17:22:58+00:00","og_image":[{"width":998,"height":998,"url":"https:\/\/banquetchairfactory.com\/fr\/wp-content\/uploads\/2021\/07\/tb16-m-cocktail-table-made-in-turkey.jpg","type":"image\/jpeg"}],"twitter_card":"summary_large_image","schema":{"@context":"https:\/\/schema.org","@graph":[{"@type":"WebPage","@id":"https:\/\/banquetchairfactory.com\/fr\/product\/table-a-cocktail-tb16-m-fabriquee-en-turquie\/","url":"https:\/\/banquetchairfactory.com\/fr\/product\/table-a-cocktail-tb16-m-fabriquee-en-turquie\/","name":"TABLE \u00c0 COCKTAIL TB16-M - BCF","isPartOf":{"@id":"https:\/\/banquetchairfactory.com\/fr\/#website"},"primaryImageOfPage":{"@id":"https:\/\/banquetchairfactory.com\/fr\/product\/table-a-cocktail-tb16-m-fabriquee-en-turquie\/#primaryimage"},"image":{"@id":"https:\/\/banquetchairfactory.com\/fr\/product\/table-a-cocktail-tb16-m-fabriquee-en-turquie\/#primaryimage"},"thumbnailUrl":"https:\/\/banquetchairfactory.com\/fr\/wp-content\/uploads\/2021\/07\/table-basse-tb16-m-fabriquee-en-turquie.jpg","datePublished":"2021-07-29T18:32:47+00:00","dateModified":"2023-08-27T17:22:58+00:00","description":"Prix \u200b\u200bcomp\u00e9titifs pour la table basse Tb16-m fabriqu\u00e9e en Turquie. BCF est un fabricant exp\u00e9riment\u00e9 de tables de banquet.","breadcrumb":{"@id":"https:\/\/banquetchairfactory.com\/fr\/product\/table-a-cocktail-tb16-m-fabriquee-en-turquie\/#breadcrumb"},"inLanguage":"en-US","potentialAction":[{"@type":"ReadAction","target":["https:\/\/banquetchairfactory.com\/fr\/product\/table-a-cocktail-tb16-m-fabriquee-en-turquie\/"]}]},{"@type":"ImageObject","inLanguage":"en-US","@id":"https:\/\/banquetchairfactory.com\/fr\/product\/table-a-cocktail-tb16-m-fabriquee-en-turquie\/#primaryimage","url":"https:\/\/banquetchairfactory.com\/fr\/wp-content\/uploads\/2021\/07\/table-basse-tb16-m-fabriquee-en-turquie.jpg","contentUrl":"https:\/\/banquetchairfactory.com\/fr\/wp-content\/uploads\/2021\/07\/table-basse-tb16-m-fabriquee-en-turquie.jpg","width":998,"height":998,"caption":"Table basse Tb16-m fabriqu\u00e9e en Turquie"},{"@type":"BreadcrumbList","@id":"https:\/\/banquetchairfactory.com\/fr\/product\/table-a-cocktail-tb16-m-fabriquee-en-turquie\/#breadcrumb","itemListElement":[{"@type":"ListItem","position":1,"name":"Home","item":"https:\/\/banquetchairfactory.com\/fr\/"},{"@type":"ListItem","position":2,"name":"Shop","item":"https:\/\/banquetchairfactory.com\/fr\/shop\/"},{"@type":"ListItem","position":3,"name":"TABLE \u00c0 COCKTAIL TB16-M FABRIQU\u00c9E EN TURQUIE"}]},{"@type":"WebSite","@id":"https:\/\/banquetchairfactory.com\/fr\/#website","url":"https:\/\/banquetchairfactory.com\/fr\/","name":"Banquet Chair Factory","description":"","publisher":{"@id":"https:\/\/banquetchairfactory.com\/fr\/#organization"},"potentialAction":[{"@type":"SearchAction","target":{"@type":"EntryPoint","urlTemplate":"https:\/\/banquetchairfactory.com\/fr\/?s={search_term_string}"},"query-input":{"@type":"PropertyValueSpecification","valueRequired":true,"valueName":"search_term_string"}}],"inLanguage":"en-US"},{"@type":"Organization","@id":"https:\/\/banquetchairfactory.com\/fr\/#organization","name":"Banquet Chair Factory","url":"https:\/\/banquetchairfactory.com\/fr\/","logo":{"@type":"ImageObject","inLanguage":"en-US","@id":"https:\/\/banquetchairfactory.com\/fr\/#\/schema\/logo\/image\/","url":"https:\/\/banquetchairfactory.com\/wp-content\/uploads\/2021\/06\/logo-banquet.png","contentUrl":"https:\/\/banquetchairfactory.com\/wp-content\/uploads\/2021\/06\/logo-banquet.png","width":400,"height":263,"caption":"Banquet Chair Factory"},"image":{"@id":"https:\/\/banquetchairfactory.com\/fr\/#\/schema\/logo\/image\/"}}]}},"_links":{"self":[{"href":"https:\/\/banquetchairfactory.com\/fr\/wp-json\/wp\/v2\/product\/729","targetHints":{"allow":["GET"]}}],"collection":[{"href":"https:\/\/banquetchairfactory.com\/fr\/wp-json\/wp\/v2\/product"}],"about":[{"href":"https:\/\/banquetchairfactory.com\/fr\/wp-json\/wp\/v2\/types\/product"}],"replies":[{"embeddable":true,"href":"https:\/\/banquetchairfactory.com\/fr\/wp-json\/wp\/v2\/comments?post=729"}],"wp:featuredmedia":[{"embeddable":true,"href":"https:\/\/banquetchairfactory.com\/fr\/wp-json\/wp\/v2\/media\/730"}],"wp:attachment":[{"href":"https:\/\/banquetchairfactory.com\/fr\/wp-json\/wp\/v2\/media?parent=729"}],"wp:term":[{"taxonomy":"product_brand","embeddable":true,"href":"https:\/\/banquetchairfactory.com\/fr\/wp-json\/wp\/v2\/product_brand?post=729"},{"taxonomy":"product_cat","embeddable":true,"href":"https:\/\/banquetchairfactory.com\/fr\/wp-json\/wp\/v2\/product_cat?post=729"},{"taxonomy":"product_tag","embeddable":true,"href":"https:\/\/banquetchairfactory.com\/fr\/wp-json\/wp\/v2\/product_tag?post=729"}],"curies":[{"name":"wp","href":"https:\/\/api.w.org\/{rel}","templated":true}]}}