{"id":731,"date":"2021-07-29T18:41:05","date_gmt":"2021-07-29T18:41:05","guid":{"rendered":"https:\/\/banquetchairfactory.com\/?post_type=product&#038;p=731"},"modified":"2023-08-28T07:25:43","modified_gmt":"2023-08-28T07:25:43","slug":"chariot-de-table-ronde-opr01-t-fabrique-en-turquie","status":"publish","type":"product","link":"https:\/\/banquetchairfactory.com\/fr\/product\/chariot-de-table-ronde-opr01-t-fabrique-en-turquie\/","title":{"rendered":"CHARIOT DE TABLE RONDE OPR01-T FABRIQU\u00c9 EN TURQUIE"},"content":{"rendered":"","protected":false},"excerpt":{"rendered":"<ul>\n<li>Fabriqu\u00e9 en profil\u00e9 d&#8217;acier de 30*30*2 mm<\/li>\n<li>Fabriqu\u00e9 en mdf brut de 18 mm et recouvert de moquette<\/li>\n<li>Peint avec de la peinture en poudre \u00e9lectrostatique<\/li>\n<li>4 pare-chocs de protection lat\u00e9raux en caoutchouc<\/li>\n<li>Capacit\u00e9 d&#8217;empilage de table de 5 pi\u00e8ces<\/li>\n<li>Poign\u00e9es faciles \u00e0 saisir<\/li>\n<li>Pneus non marquants<\/li>\n<li>2 roues avec frein<\/li>\n<\/ul>\n","protected":false},"featured_media":732,"comment_status":"open","ping_status":"closed","template":"","meta":{"_acf_changed":false},"product_brand":[],"product_cat":[15],"product_tag":[],"class_list":{"0":"post-731","1":"product","2":"type-product","3":"status-publish","4":"has-post-thumbnail","6":"product_cat-produits-auxiliaires-fabriques-en-turquie","8":"first","9":"instock","10":"shipping-taxable","11":"product-type-simple"},"acf":[],"yoast_head":"<!-- This site is optimized with the Yoast SEO plugin v25.3 - https:\/\/yoast.com\/wordpress\/plugins\/seo\/ -->\n<title>CHARIOT DE TABLE RONDE OPR01-T - BCF<\/title>\n<meta name=\"description\" content=\"Le chariot \u00e0 table ronde Opr01-t est con\u00e7u pour d\u00e9placer les tables pliantes rondes et prot\u00e9ger les tables rondes contre les dommages. Capacit\u00e9 d&#039;empilage de table de 5 pi\u00e8ces.\" \/>\n<meta name=\"robots\" content=\"index, follow, max-snippet:-1, max-image-preview:large, max-video-preview:-1\" \/>\n<link rel=\"canonical\" href=\"https:\/\/banquetchairfactory.com\/fr\/product\/chariot-de-table-ronde-opr01-t-fabrique-en-turquie\/\" \/>\n<meta property=\"og:locale\" content=\"en_US\" \/>\n<meta property=\"og:type\" content=\"article\" \/>\n<meta property=\"og:title\" content=\"CHARIOT DE TABLE RONDE OPR01-T - BCF\" \/>\n<meta property=\"og:description\" content=\"Le chariot \u00e0 table ronde Opr01-t est con\u00e7u pour d\u00e9placer les tables pliantes rondes et prot\u00e9ger les tables rondes contre les dommages. Capacit\u00e9 d&#039;empilage de table de 5 pi\u00e8ces.\" \/>\n<meta property=\"og:url\" content=\"https:\/\/banquetchairfactory.com\/fr\/product\/chariot-de-table-ronde-opr01-t-fabrique-en-turquie\/\" \/>\n<meta property=\"og:site_name\" content=\"Banquet Chair Factory\" \/>\n<meta property=\"article:modified_time\" content=\"2023-08-28T07:25:43+00:00\" \/>\n<meta property=\"og:image\" content=\"https:\/\/banquetchairfactory.com\/fr\/wp-content\/uploads\/2021\/07\/round-table-trolley-made-in-turkey.jpg\" \/>\n\t<meta property=\"og:image:width\" content=\"998\" \/>\n\t<meta property=\"og:image:height\" content=\"998\" \/>\n\t<meta property=\"og:image:type\" content=\"image\/jpeg\" \/>\n<meta name=\"twitter:card\" content=\"summary_large_image\" \/>\n<script type=\"application\/ld+json\" class=\"yoast-schema-graph\">{\"@context\":\"https:\/\/schema.org\",\"@graph\":[{\"@type\":\"WebPage\",\"@id\":\"https:\/\/banquetchairfactory.com\/fr\/product\/chariot-de-table-ronde-opr01-t-fabrique-en-turquie\/\",\"url\":\"https:\/\/banquetchairfactory.com\/fr\/product\/chariot-de-table-ronde-opr01-t-fabrique-en-turquie\/\",\"name\":\"CHARIOT DE TABLE RONDE OPR01-T - BCF\",\"isPartOf\":{\"@id\":\"https:\/\/banquetchairfactory.com\/fr\/#website\"},\"primaryImageOfPage\":{\"@id\":\"https:\/\/banquetchairfactory.com\/fr\/product\/chariot-de-table-ronde-opr01-t-fabrique-en-turquie\/#primaryimage\"},\"image\":{\"@id\":\"https:\/\/banquetchairfactory.com\/fr\/product\/chariot-de-table-ronde-opr01-t-fabrique-en-turquie\/#primaryimage\"},\"thumbnailUrl\":\"https:\/\/banquetchairfactory.com\/fr\/wp-content\/uploads\/2021\/07\/chariot-de-table-ronde-fabrique-en-turquie.jpg\",\"datePublished\":\"2021-07-29T18:41:05+00:00\",\"dateModified\":\"2023-08-28T07:25:43+00:00\",\"description\":\"Le chariot \u00e0 table ronde Opr01-t est con\u00e7u pour d\u00e9placer les tables pliantes rondes et prot\u00e9ger les tables rondes contre les dommages. Capacit\u00e9 d'empilage de table de 5 pi\u00e8ces.\",\"breadcrumb\":{\"@id\":\"https:\/\/banquetchairfactory.com\/fr\/product\/chariot-de-table-ronde-opr01-t-fabrique-en-turquie\/#breadcrumb\"},\"inLanguage\":\"en-US\",\"potentialAction\":[{\"@type\":\"ReadAction\",\"target\":[\"https:\/\/banquetchairfactory.com\/fr\/product\/chariot-de-table-ronde-opr01-t-fabrique-en-turquie\/\"]}]},{\"@type\":\"ImageObject\",\"inLanguage\":\"en-US\",\"@id\":\"https:\/\/banquetchairfactory.com\/fr\/product\/chariot-de-table-ronde-opr01-t-fabrique-en-turquie\/#primaryimage\",\"url\":\"https:\/\/banquetchairfactory.com\/fr\/wp-content\/uploads\/2021\/07\/chariot-de-table-ronde-fabrique-en-turquie.jpg\",\"contentUrl\":\"https:\/\/banquetchairfactory.com\/fr\/wp-content\/uploads\/2021\/07\/chariot-de-table-ronde-fabrique-en-turquie.jpg\",\"width\":998,\"height\":998,\"caption\":\"chariot de table ronde fabriqu\u00e9 en Turquie\"},{\"@type\":\"BreadcrumbList\",\"@id\":\"https:\/\/banquetchairfactory.com\/fr\/product\/chariot-de-table-ronde-opr01-t-fabrique-en-turquie\/#breadcrumb\",\"itemListElement\":[{\"@type\":\"ListItem\",\"position\":1,\"name\":\"Home\",\"item\":\"https:\/\/banquetchairfactory.com\/fr\/\"},{\"@type\":\"ListItem\",\"position\":2,\"name\":\"Shop\",\"item\":\"https:\/\/banquetchairfactory.com\/fr\/shop\/\"},{\"@type\":\"ListItem\",\"position\":3,\"name\":\"CHARIOT DE TABLE RONDE OPR01-T FABRIQU\u00c9 EN TURQUIE\"}]},{\"@type\":\"WebSite\",\"@id\":\"https:\/\/banquetchairfactory.com\/fr\/#website\",\"url\":\"https:\/\/banquetchairfactory.com\/fr\/\",\"name\":\"Banquet Chair Factory\",\"description\":\"\",\"publisher\":{\"@id\":\"https:\/\/banquetchairfactory.com\/fr\/#organization\"},\"potentialAction\":[{\"@type\":\"SearchAction\",\"target\":{\"@type\":\"EntryPoint\",\"urlTemplate\":\"https:\/\/banquetchairfactory.com\/fr\/?s={search_term_string}\"},\"query-input\":{\"@type\":\"PropertyValueSpecification\",\"valueRequired\":true,\"valueName\":\"search_term_string\"}}],\"inLanguage\":\"en-US\"},{\"@type\":\"Organization\",\"@id\":\"https:\/\/banquetchairfactory.com\/fr\/#organization\",\"name\":\"Banquet Chair Factory\",\"url\":\"https:\/\/banquetchairfactory.com\/fr\/\",\"logo\":{\"@type\":\"ImageObject\",\"inLanguage\":\"en-US\",\"@id\":\"https:\/\/banquetchairfactory.com\/fr\/#\/schema\/logo\/image\/\",\"url\":\"https:\/\/banquetchairfactory.com\/wp-content\/uploads\/2021\/06\/logo-banquet.png\",\"contentUrl\":\"https:\/\/banquetchairfactory.com\/wp-content\/uploads\/2021\/06\/logo-banquet.png\",\"width\":400,\"height\":263,\"caption\":\"Banquet Chair Factory\"},\"image\":{\"@id\":\"https:\/\/banquetchairfactory.com\/fr\/#\/schema\/logo\/image\/\"}}]}<\/script>\n<!-- \/ Yoast SEO plugin. -->","yoast_head_json":{"title":"CHARIOT DE TABLE RONDE OPR01-T - BCF","description":"Le chariot \u00e0 table ronde Opr01-t est con\u00e7u pour d\u00e9placer les tables pliantes rondes et prot\u00e9ger les tables rondes contre les dommages. Capacit\u00e9 d'empilage de table de 5 pi\u00e8ces.","robots":{"index":"index","follow":"follow","max-snippet":"max-snippet:-1","max-image-preview":"max-image-preview:large","max-video-preview":"max-video-preview:-1"},"canonical":"https:\/\/banquetchairfactory.com\/fr\/product\/chariot-de-table-ronde-opr01-t-fabrique-en-turquie\/","og_locale":"en_US","og_type":"article","og_title":"CHARIOT DE TABLE RONDE OPR01-T - BCF","og_description":"Le chariot \u00e0 table ronde Opr01-t est con\u00e7u pour d\u00e9placer les tables pliantes rondes et prot\u00e9ger les tables rondes contre les dommages. Capacit\u00e9 d'empilage de table de 5 pi\u00e8ces.","og_url":"https:\/\/banquetchairfactory.com\/fr\/product\/chariot-de-table-ronde-opr01-t-fabrique-en-turquie\/","og_site_name":"Banquet Chair Factory","article_modified_time":"2023-08-28T07:25:43+00:00","og_image":[{"width":998,"height":998,"url":"https:\/\/banquetchairfactory.com\/fr\/wp-content\/uploads\/2021\/07\/round-table-trolley-made-in-turkey.jpg","type":"image\/jpeg"}],"twitter_card":"summary_large_image","schema":{"@context":"https:\/\/schema.org","@graph":[{"@type":"WebPage","@id":"https:\/\/banquetchairfactory.com\/fr\/product\/chariot-de-table-ronde-opr01-t-fabrique-en-turquie\/","url":"https:\/\/banquetchairfactory.com\/fr\/product\/chariot-de-table-ronde-opr01-t-fabrique-en-turquie\/","name":"CHARIOT DE TABLE RONDE OPR01-T - BCF","isPartOf":{"@id":"https:\/\/banquetchairfactory.com\/fr\/#website"},"primaryImageOfPage":{"@id":"https:\/\/banquetchairfactory.com\/fr\/product\/chariot-de-table-ronde-opr01-t-fabrique-en-turquie\/#primaryimage"},"image":{"@id":"https:\/\/banquetchairfactory.com\/fr\/product\/chariot-de-table-ronde-opr01-t-fabrique-en-turquie\/#primaryimage"},"thumbnailUrl":"https:\/\/banquetchairfactory.com\/fr\/wp-content\/uploads\/2021\/07\/chariot-de-table-ronde-fabrique-en-turquie.jpg","datePublished":"2021-07-29T18:41:05+00:00","dateModified":"2023-08-28T07:25:43+00:00","description":"Le chariot \u00e0 table ronde Opr01-t est con\u00e7u pour d\u00e9placer les tables pliantes rondes et prot\u00e9ger les tables rondes contre les dommages. Capacit\u00e9 d'empilage de table de 5 pi\u00e8ces.","breadcrumb":{"@id":"https:\/\/banquetchairfactory.com\/fr\/product\/chariot-de-table-ronde-opr01-t-fabrique-en-turquie\/#breadcrumb"},"inLanguage":"en-US","potentialAction":[{"@type":"ReadAction","target":["https:\/\/banquetchairfactory.com\/fr\/product\/chariot-de-table-ronde-opr01-t-fabrique-en-turquie\/"]}]},{"@type":"ImageObject","inLanguage":"en-US","@id":"https:\/\/banquetchairfactory.com\/fr\/product\/chariot-de-table-ronde-opr01-t-fabrique-en-turquie\/#primaryimage","url":"https:\/\/banquetchairfactory.com\/fr\/wp-content\/uploads\/2021\/07\/chariot-de-table-ronde-fabrique-en-turquie.jpg","contentUrl":"https:\/\/banquetchairfactory.com\/fr\/wp-content\/uploads\/2021\/07\/chariot-de-table-ronde-fabrique-en-turquie.jpg","width":998,"height":998,"caption":"chariot de table ronde fabriqu\u00e9 en Turquie"},{"@type":"BreadcrumbList","@id":"https:\/\/banquetchairfactory.com\/fr\/product\/chariot-de-table-ronde-opr01-t-fabrique-en-turquie\/#breadcrumb","itemListElement":[{"@type":"ListItem","position":1,"name":"Home","item":"https:\/\/banquetchairfactory.com\/fr\/"},{"@type":"ListItem","position":2,"name":"Shop","item":"https:\/\/banquetchairfactory.com\/fr\/shop\/"},{"@type":"ListItem","position":3,"name":"CHARIOT DE TABLE RONDE OPR01-T FABRIQU\u00c9 EN TURQUIE"}]},{"@type":"WebSite","@id":"https:\/\/banquetchairfactory.com\/fr\/#website","url":"https:\/\/banquetchairfactory.com\/fr\/","name":"Banquet Chair Factory","description":"","publisher":{"@id":"https:\/\/banquetchairfactory.com\/fr\/#organization"},"potentialAction":[{"@type":"SearchAction","target":{"@type":"EntryPoint","urlTemplate":"https:\/\/banquetchairfactory.com\/fr\/?s={search_term_string}"},"query-input":{"@type":"PropertyValueSpecification","valueRequired":true,"valueName":"search_term_string"}}],"inLanguage":"en-US"},{"@type":"Organization","@id":"https:\/\/banquetchairfactory.com\/fr\/#organization","name":"Banquet Chair Factory","url":"https:\/\/banquetchairfactory.com\/fr\/","logo":{"@type":"ImageObject","inLanguage":"en-US","@id":"https:\/\/banquetchairfactory.com\/fr\/#\/schema\/logo\/image\/","url":"https:\/\/banquetchairfactory.com\/wp-content\/uploads\/2021\/06\/logo-banquet.png","contentUrl":"https:\/\/banquetchairfactory.com\/wp-content\/uploads\/2021\/06\/logo-banquet.png","width":400,"height":263,"caption":"Banquet Chair Factory"},"image":{"@id":"https:\/\/banquetchairfactory.com\/fr\/#\/schema\/logo\/image\/"}}]}},"_links":{"self":[{"href":"https:\/\/banquetchairfactory.com\/fr\/wp-json\/wp\/v2\/product\/731","targetHints":{"allow":["GET"]}}],"collection":[{"href":"https:\/\/banquetchairfactory.com\/fr\/wp-json\/wp\/v2\/product"}],"about":[{"href":"https:\/\/banquetchairfactory.com\/fr\/wp-json\/wp\/v2\/types\/product"}],"replies":[{"embeddable":true,"href":"https:\/\/banquetchairfactory.com\/fr\/wp-json\/wp\/v2\/comments?post=731"}],"wp:featuredmedia":[{"embeddable":true,"href":"https:\/\/banquetchairfactory.com\/fr\/wp-json\/wp\/v2\/media\/732"}],"wp:attachment":[{"href":"https:\/\/banquetchairfactory.com\/fr\/wp-json\/wp\/v2\/media?parent=731"}],"wp:term":[{"taxonomy":"product_brand","embeddable":true,"href":"https:\/\/banquetchairfactory.com\/fr\/wp-json\/wp\/v2\/product_brand?post=731"},{"taxonomy":"product_cat","embeddable":true,"href":"https:\/\/banquetchairfactory.com\/fr\/wp-json\/wp\/v2\/product_cat?post=731"},{"taxonomy":"product_tag","embeddable":true,"href":"https:\/\/banquetchairfactory.com\/fr\/wp-json\/wp\/v2\/product_tag?post=731"}],"curies":[{"name":"wp","href":"https:\/\/api.w.org\/{rel}","templated":true}]}}